{"id":8,"date":"2015-07-22T09:49:25","date_gmt":"2015-07-22T07:49:25","guid":{"rendered":"http:\/\/metalscrap.mj.dev.aberit.pl\/?page_id=8"},"modified":"2015-08-14T13:31:03","modified_gmt":"2015-08-14T11:31:03","slug":"strona-glowna","status":"publish","type":"page","link":"https:\/\/metalscrap.pl\/en\/","title":{"rendered":"HOME"},"content":{"rendered":"","protected":false},"excerpt":{"rendered":"","protected":false},"author":1,"featured_media":0,"parent":0,"menu_order":0,"comment_status":"open","ping_status":"open","template":"home-template.php","meta":[],"acf":[],"yoast_head":"<!-- This site is optimized with the Yoast SEO plugin v17.9 - https:\/\/yoast.com\/wordpress\/plugins\/seo\/ -->\n<meta name=\"description\" content=\"Skup z\u0142omu stalowego,\u017celiwnego i kolorowego: mied\u017a, aluminium, mosi\u0105dz, br\u0105z i inne. Oferujemy atrakcyjne ceny, sprzeda\u017c i transport z wag\u0105 najazdow\u0105 do 60t\" \/>\n<meta name=\"robots\" content=\"index, follow, max-snippet:-1, max-image-preview:large, max-video-preview:-1\" \/>\n<link rel=\"canonical\" href=\"https:\/\/metalscrap.pl\/en\/\" \/>\n<meta property=\"og:locale\" content=\"en_US\" \/>\n<meta property=\"og:type\" content=\"article\" \/>\n<meta property=\"og:title\" content=\"Metalscrap | skup z\u0142omu stalowego, metali kolorowych Rzesz\u00f3w\" \/>\n<meta property=\"og:description\" content=\"Skup z\u0142omu stalowego,\u017celiwnego i kolorowego: mied\u017a, aluminium, mosi\u0105dz, br\u0105z i inne. Oferujemy atrakcyjne ceny, sprzeda\u017c i transport z wag\u0105 najazdow\u0105 do 60t\" \/>\n<meta property=\"og:url\" content=\"https:\/\/metalscrap.pl\/en\/\" \/>\n<meta property=\"og:site_name\" content=\"Metalscrap |Purchase of steel and colored metal scrap\" \/>\n<meta property=\"article:modified_time\" content=\"2015-08-14T11:31:03+00:00\" \/>\n<meta name=\"twitter:card\" content=\"summary\" \/>\n<script type=\"application\/ld+json\" class=\"yoast-schema-graph\">{\"@context\":\"https:\/\/schema.org\",\"@graph\":[{\"@type\":\"WebSite\",\"@id\":\"https:\/\/metalscrap.pl\/#website\",\"url\":\"https:\/\/metalscrap.pl\/\",\"name\":\"Metalscrap |Purchase of steel and colored metal scrap\",\"description\":\"Skup z\\u0142omu stalowego,\\u017celiwnego i kolorowego: mied\\u017a, aluminium, mosi\\u0105dz, br\\u0105z i inne. Oferujemy atrakcyjne ceny, sprzeda\\u017c i transport z wag\\u0105\",\"potentialAction\":[{\"@type\":\"SearchAction\",\"target\":{\"@type\":\"EntryPoint\",\"urlTemplate\":\"https:\/\/metalscrap.pl\/?s={search_term_string}\"},\"query-input\":\"required name=search_term_string\"}],\"inLanguage\":\"en-US\"},{\"@type\":\"WebPage\",\"@id\":\"https:\/\/metalscrap.pl\/en\/#webpage\",\"url\":\"https:\/\/metalscrap.pl\/en\/\",\"name\":\"Metalscrap | skup z\\u0142omu stalowego, metali kolorowych Rzesz\\u00f3w\",\"isPartOf\":{\"@id\":\"https:\/\/metalscrap.pl\/#website\"},\"datePublished\":\"2015-07-22T07:49:25+00:00\",\"dateModified\":\"2015-08-14T11:31:03+00:00\",\"description\":\"Skup z\\u0142omu stalowego,\\u017celiwnego i kolorowego: mied\\u017a, aluminium, mosi\\u0105dz, br\\u0105z i inne. Oferujemy atrakcyjne ceny, sprzeda\\u017c i transport z wag\\u0105 najazdow\\u0105 do 60t\",\"breadcrumb\":{\"@id\":\"https:\/\/metalscrap.pl\/en\/#breadcrumb\"},\"inLanguage\":\"en-US\",\"potentialAction\":[{\"@type\":\"ReadAction\",\"target\":[\"https:\/\/metalscrap.pl\/en\/\"]}]},{\"@type\":\"BreadcrumbList\",\"@id\":\"https:\/\/metalscrap.pl\/en\/#breadcrumb\",\"itemListElement\":[{\"@type\":\"ListItem\",\"position\":1,\"name\":\"Strona g\\u0142\\u00f3wna\",\"item\":\"https:\/\/metalscrap.pl\/en\/\"},{\"@type\":\"ListItem\",\"position\":2,\"name\":\"HOME\"}]}]}<\/script>\n<!-- \/ Yoast SEO plugin. -->","yoast_head_json":{"description":"Skup z\u0142omu stalowego,\u017celiwnego i kolorowego: mied\u017a, aluminium, mosi\u0105dz, br\u0105z i inne. Oferujemy atrakcyjne ceny, sprzeda\u017c i transport z wag\u0105 najazdow\u0105 do 60t","robots":{"index":"index","follow":"follow","max-snippet":"max-snippet:-1","max-image-preview":"max-image-preview:large","max-video-preview":"max-video-preview:-1"},"canonical":"https:\/\/metalscrap.pl\/en\/","og_locale":"en_US","og_type":"article","og_title":"Metalscrap | skup z\u0142omu stalowego, metali kolorowych Rzesz\u00f3w","og_description":"Skup z\u0142omu stalowego,\u017celiwnego i kolorowego: mied\u017a, aluminium, mosi\u0105dz, br\u0105z i inne. Oferujemy atrakcyjne ceny, sprzeda\u017c i transport z wag\u0105 najazdow\u0105 do 60t","og_url":"https:\/\/metalscrap.pl\/en\/","og_site_name":"Metalscrap |Purchase of steel and colored metal scrap","article_modified_time":"2015-08-14T11:31:03+00:00","twitter_card":"summary","schema":{"@context":"https:\/\/schema.org","@graph":[{"@type":"WebSite","@id":"https:\/\/metalscrap.pl\/#website","url":"https:\/\/metalscrap.pl\/","name":"Metalscrap |Purchase of steel and colored metal scrap","description":"Skup z\u0142omu stalowego,\u017celiwnego i kolorowego: mied\u017a, aluminium, mosi\u0105dz, br\u0105z i inne. Oferujemy atrakcyjne ceny, sprzeda\u017c i transport z wag\u0105","potentialAction":[{"@type":"SearchAction","target":{"@type":"EntryPoint","urlTemplate":"https:\/\/metalscrap.pl\/?s={search_term_string}"},"query-input":"required name=search_term_string"}],"inLanguage":"en-US"},{"@type":"WebPage","@id":"https:\/\/metalscrap.pl\/en\/#webpage","url":"https:\/\/metalscrap.pl\/en\/","name":"Metalscrap | skup z\u0142omu stalowego, metali kolorowych Rzesz\u00f3w","isPartOf":{"@id":"https:\/\/metalscrap.pl\/#website"},"datePublished":"2015-07-22T07:49:25+00:00","dateModified":"2015-08-14T11:31:03+00:00","description":"Skup z\u0142omu stalowego,\u017celiwnego i kolorowego: mied\u017a, aluminium, mosi\u0105dz, br\u0105z i inne. Oferujemy atrakcyjne ceny, sprzeda\u017c i transport z wag\u0105 najazdow\u0105 do 60t","breadcrumb":{"@id":"https:\/\/metalscrap.pl\/en\/#breadcrumb"},"inLanguage":"en-US","potentialAction":[{"@type":"ReadAction","target":["https:\/\/metalscrap.pl\/en\/"]}]},{"@type":"BreadcrumbList","@id":"https:\/\/metalscrap.pl\/en\/#breadcrumb","itemListElement":[{"@type":"ListItem","position":1,"name":"Strona g\u0142\u00f3wna","item":"https:\/\/metalscrap.pl\/en\/"},{"@type":"ListItem","position":2,"name":"HOME"}]}]}},"_links":{"self":[{"href":"https:\/\/metalscrap.pl\/en\/wp-json\/wp\/v2\/pages\/8"}],"collection":[{"href":"https:\/\/metalscrap.pl\/en\/wp-json\/wp\/v2\/pages"}],"about":[{"href":"https:\/\/metalscrap.pl\/en\/wp-json\/wp\/v2\/types\/page"}],"author":[{"embeddable":true,"href":"https:\/\/metalscrap.pl\/en\/wp-json\/wp\/v2\/users\/1"}],"replies":[{"embeddable":true,"href":"https:\/\/metalscrap.pl\/en\/wp-json\/wp\/v2\/comments?post=8"}],"version-history":[{"count":48,"href":"https:\/\/metalscrap.pl\/en\/wp-json\/wp\/v2\/pages\/8\/revisions"}],"predecessor-version":[{"id":216,"href":"https:\/\/metalscrap.pl\/en\/wp-json\/wp\/v2\/pages\/8\/revisions\/216"}],"wp:attachment":[{"href":"https:\/\/metalscrap.pl\/en\/wp-json\/wp\/v2\/media?parent=8"}],"curies":[{"name":"wp","href":"https:\/\/api.w.org\/{rel}","templated":true}]}}