{"id":114,"date":"2015-07-27T13:02:03","date_gmt":"2015-07-27T11:02:03","guid":{"rendered":"http:\/\/metalscrap.mj.dev.aberit.pl\/?page_id=114"},"modified":"2015-07-27T13:53:14","modified_gmt":"2015-07-27T11:53:14","slug":"oferta","status":"publish","type":"page","link":"https:\/\/metalscrap.pl\/en\/offer\/","title":{"rendered":"OFFER"},"content":{"rendered":"<p>We buy steel scrap, colored metals scrap, off-cuts of alloyed steel, reusable steel. We also receive metals offered by the customers. Metals must not contain any flammable, explosive or radioactive substances. They should be cleaned from such materials as rubber, plastics, textiles, wood, chemical and organic substances.<\/p>\n<p>We buy:<\/p>\n<ul>\n<li>cast iron<\/li>\n<li>parts of structures and machines<\/li>\n<li>car bodies<\/li>\n<li>rails and railway equipment<\/li>\n<li>metal sheets<\/li>\n<li>steel and cast iron chips<\/li>\n<\/ul>\n<p>and colour metals:<\/p>\n<ul>\n<li>copper, bronze, lead, brass<\/li>\n<li>aluminium (in the form of offset plates, chips, alloys)<\/li>\n<li>block tin and tin alloys<\/li>\n<li>steel (alloy, chrome-nickel, tool steel)<\/li>\n<li>rare metals (nickel, tungsten, molybdenum, zirconium, tantalum)<\/li>\n<li>electrical and electronic equipment<\/li>\n<\/ul>\n<h2>Sale<\/h2>\n<p>Since we appreciate professionalism, consumer loyalty and long-term cooperation we honor our commitments and strive to achieve our customers\u2019 utmost satisfaction. <span lang=\"en-US\">We kindly invite all companies, works and private persons to contact us for cooperation.<\/span><\/p>\n<p>Domestic and international sales<\/p>\n<p><span lang=\"en-US\">Our company sells metal scrap at home and abroad. <\/span>Should you be interested in a particular type of scrap metal, please contact us for more detail and specific information on the offer.<\/p>\n<p>We offer for sale:<\/p>\n<ul>\n<li><span lang=\"en-US\">steel scrap batch and steel unbatch<\/span><\/li>\n<li>steel and cast iron chips<\/li>\n<li><span lang=\"en-US\">piece scrap and rail scrap<\/span><\/li>\n<li>reusable steel<\/li>\n<li><span lang=\"en-US\">steel profiles II choice with a cross section ranging from 20 x 20mm up to 120 x 120mm<\/span><\/li>\n<\/ul>\n<h2>Transport and forwarding services<\/h2>\n<p>Among the offered services Metal Scrap deals with transport and forwarding services.<\/p>\n<p><span lang=\"en-US\">While carrying out the transport throughout the whole country we offer our clients different means of transport. <\/span>We are equipped with storage trucks, dropside trucks and self loading trucks with different tonnage and intended use. <span lang=\"en-US\">We transport different types of materials and products such as scrap metal, glass cullet, cereals, building materials, metallurgical products. <\/span>Due to dynamic development of our company we are equipped with a dozen or so means of transportation.<\/p>\n<p><span lang=\"en-US\">Professional customer service is at the core of our business. In everyday work we make use of modern information and communication technologies.<\/span><\/p>","protected":false},"excerpt":{"rendered":"<p>We buy steel scrap, colored metals scrap, off-cuts of alloyed steel, reusable steel. We also receive metals offered by the customers. Metals must not contain any flammable, explosive or radioactive substances. They should be cleaned from such materials as rubber, plastics, textiles, wood, chemical and organic substances. We buy: cast iron parts of structures and [&hellip;]<\/p>\n","protected":false},"author":1,"featured_media":0,"parent":0,"menu_order":0,"comment_status":"open","ping_status":"open","template":"","meta":[],"acf":[],"yoast_head":"<!-- This site is optimized with the Yoast SEO plugin v17.9 - https:\/\/yoast.com\/wordpress\/plugins\/seo\/ -->\n<meta name=\"description\" content=\"Skup z\u0142omu stalowego,\u017celiwnego i kolorowego: mied\u017a, aluminium, mosi\u0105dz, br\u0105z i inne. Oferujemy atrakcyjne ceny, sprzeda\u017c i transport z wag\u0105\" \/>\n<meta name=\"robots\" content=\"index, follow, max-snippet:-1, max-image-preview:large, max-video-preview:-1\" \/>\n<link rel=\"canonical\" href=\"https:\/\/metalscrap.pl\/oferta\/\" \/>\n<meta property=\"og:locale\" content=\"en_US\" \/>\n<meta property=\"og:type\" content=\"article\" \/>\n<meta property=\"og:title\" content=\"OFFER - Metalscrap |Purchase of steel and colored metal scrap\" \/>\n<meta property=\"og:description\" content=\"Skup z\u0142omu stalowego,\u017celiwnego i kolorowego: mied\u017a, aluminium, mosi\u0105dz, br\u0105z i inne. Oferujemy atrakcyjne ceny, sprzeda\u017c i transport z wag\u0105\" \/>\n<meta property=\"og:url\" content=\"https:\/\/metalscrap.pl\/oferta\/\" \/>\n<meta property=\"og:site_name\" content=\"Metalscrap |Purchase of steel and colored metal scrap\" \/>\n<meta property=\"article:modified_time\" content=\"2015-07-27T11:53:14+00:00\" \/>\n<meta name=\"twitter:card\" content=\"summary\" \/>\n<meta name=\"twitter:label1\" content=\"Est. reading time\" \/>\n\t<meta name=\"twitter:data1\" content=\"5 minutes\" \/>\n<script type=\"application\/ld+json\" class=\"yoast-schema-graph\">{\"@context\":\"https:\/\/schema.org\",\"@graph\":[{\"@type\":\"WebSite\",\"@id\":\"https:\/\/metalscrap.pl\/#website\",\"url\":\"https:\/\/metalscrap.pl\/\",\"name\":\"Metalscrap |Purchase of steel and colored metal scrap\",\"description\":\"Skup z\\u0142omu stalowego,\\u017celiwnego i kolorowego: mied\\u017a, aluminium, mosi\\u0105dz, br\\u0105z i inne. Oferujemy atrakcyjne ceny, sprzeda\\u017c i transport z wag\\u0105\",\"potentialAction\":[{\"@type\":\"SearchAction\",\"target\":{\"@type\":\"EntryPoint\",\"urlTemplate\":\"https:\/\/metalscrap.pl\/?s={search_term_string}\"},\"query-input\":\"required name=search_term_string\"}],\"inLanguage\":\"en-US\"},{\"@type\":\"WebPage\",\"@id\":\"https:\/\/metalscrap.pl\/oferta\/#webpage\",\"url\":\"https:\/\/metalscrap.pl\/oferta\/\",\"name\":\"OFFER - Metalscrap |Purchase of steel and colored metal scrap\",\"isPartOf\":{\"@id\":\"https:\/\/metalscrap.pl\/#website\"},\"datePublished\":\"2015-07-27T11:02:03+00:00\",\"dateModified\":\"2015-07-27T11:53:14+00:00\",\"description\":\"Skup z\\u0142omu stalowego,\\u017celiwnego i kolorowego: mied\\u017a, aluminium, mosi\\u0105dz, br\\u0105z i inne. Oferujemy atrakcyjne ceny, sprzeda\\u017c i transport z wag\\u0105\",\"breadcrumb\":{\"@id\":\"https:\/\/metalscrap.pl\/oferta\/#breadcrumb\"},\"inLanguage\":\"en-US\",\"potentialAction\":[{\"@type\":\"ReadAction\",\"target\":[\"https:\/\/metalscrap.pl\/oferta\/\"]}]},{\"@type\":\"BreadcrumbList\",\"@id\":\"https:\/\/metalscrap.pl\/oferta\/#breadcrumb\",\"itemListElement\":[{\"@type\":\"ListItem\",\"position\":1,\"name\":\"Strona g\\u0142\\u00f3wna\",\"item\":\"https:\/\/metalscrap.pl\/en\/\"},{\"@type\":\"ListItem\",\"position\":2,\"name\":\"OFERTA\"}]}]}<\/script>\n<!-- \/ Yoast SEO plugin. -->","yoast_head_json":{"description":"Skup z\u0142omu stalowego,\u017celiwnego i kolorowego: mied\u017a, aluminium, mosi\u0105dz, br\u0105z i inne. Oferujemy atrakcyjne ceny, sprzeda\u017c i transport z wag\u0105","robots":{"index":"index","follow":"follow","max-snippet":"max-snippet:-1","max-image-preview":"max-image-preview:large","max-video-preview":"max-video-preview:-1"},"canonical":"https:\/\/metalscrap.pl\/oferta\/","og_locale":"en_US","og_type":"article","og_title":"OFFER - Metalscrap |Purchase of steel and colored metal scrap","og_description":"Skup z\u0142omu stalowego,\u017celiwnego i kolorowego: mied\u017a, aluminium, mosi\u0105dz, br\u0105z i inne. Oferujemy atrakcyjne ceny, sprzeda\u017c i transport z wag\u0105","og_url":"https:\/\/metalscrap.pl\/oferta\/","og_site_name":"Metalscrap |Purchase of steel and colored metal scrap","article_modified_time":"2015-07-27T11:53:14+00:00","twitter_card":"summary","twitter_misc":{"Est. reading time":"5 minutes"},"schema":{"@context":"https:\/\/schema.org","@graph":[{"@type":"WebSite","@id":"https:\/\/metalscrap.pl\/#website","url":"https:\/\/metalscrap.pl\/","name":"Metalscrap |Purchase of steel and colored metal scrap","description":"Skup z\u0142omu stalowego,\u017celiwnego i kolorowego: mied\u017a, aluminium, mosi\u0105dz, br\u0105z i inne. Oferujemy atrakcyjne ceny, sprzeda\u017c i transport z wag\u0105","potentialAction":[{"@type":"SearchAction","target":{"@type":"EntryPoint","urlTemplate":"https:\/\/metalscrap.pl\/?s={search_term_string}"},"query-input":"required name=search_term_string"}],"inLanguage":"en-US"},{"@type":"WebPage","@id":"https:\/\/metalscrap.pl\/oferta\/#webpage","url":"https:\/\/metalscrap.pl\/oferta\/","name":"OFFER - Metalscrap |Purchase of steel and colored metal scrap","isPartOf":{"@id":"https:\/\/metalscrap.pl\/#website"},"datePublished":"2015-07-27T11:02:03+00:00","dateModified":"2015-07-27T11:53:14+00:00","description":"Skup z\u0142omu stalowego,\u017celiwnego i kolorowego: mied\u017a, aluminium, mosi\u0105dz, br\u0105z i inne. Oferujemy atrakcyjne ceny, sprzeda\u017c i transport z wag\u0105","breadcrumb":{"@id":"https:\/\/metalscrap.pl\/oferta\/#breadcrumb"},"inLanguage":"en-US","potentialAction":[{"@type":"ReadAction","target":["https:\/\/metalscrap.pl\/oferta\/"]}]},{"@type":"BreadcrumbList","@id":"https:\/\/metalscrap.pl\/oferta\/#breadcrumb","itemListElement":[{"@type":"ListItem","position":1,"name":"Strona g\u0142\u00f3wna","item":"https:\/\/metalscrap.pl\/en\/"},{"@type":"ListItem","position":2,"name":"OFERTA"}]}]}},"_links":{"self":[{"href":"https:\/\/metalscrap.pl\/en\/wp-json\/wp\/v2\/pages\/114"}],"collection":[{"href":"https:\/\/metalscrap.pl\/en\/wp-json\/wp\/v2\/pages"}],"about":[{"href":"https:\/\/metalscrap.pl\/en\/wp-json\/wp\/v2\/types\/page"}],"author":[{"embeddable":true,"href":"https:\/\/metalscrap.pl\/en\/wp-json\/wp\/v2\/users\/1"}],"replies":[{"embeddable":true,"href":"https:\/\/metalscrap.pl\/en\/wp-json\/wp\/v2\/comments?post=114"}],"version-history":[{"count":7,"href":"https:\/\/metalscrap.pl\/en\/wp-json\/wp\/v2\/pages\/114\/revisions"}],"predecessor-version":[{"id":131,"href":"https:\/\/metalscrap.pl\/en\/wp-json\/wp\/v2\/pages\/114\/revisions\/131"}],"wp:attachment":[{"href":"https:\/\/metalscrap.pl\/en\/wp-json\/wp\/v2\/media?parent=114"}],"curies":[{"name":"wp","href":"https:\/\/api.w.org\/{rel}","templated":true}]}}