{"id":10,"date":"2015-07-22T09:50:50","date_gmt":"2015-07-22T07:50:50","guid":{"rendered":"http:\/\/metalscrap.mj.dev.aberit.pl\/?page_id=10"},"modified":"2015-07-27T13:31:19","modified_gmt":"2015-07-27T11:31:19","slug":"o-firmie","status":"publish","type":"page","link":"https:\/\/metalscrap.pl\/en\/about-us\/","title":{"rendered":"ABOUT US"},"content":{"rendered":"<p><span lang=\"en-US\">We are a company located in the Podkarpackie Province with an office in Zabajka near Glogow Malopolski. <\/span><\/p>\n<p><span lang=\"en-US\">Our business area is mainly the Podkarpackie Province, however, we established cooperation with enterprises from other regions of Poland as well and from Slovakia and Czech Republic.<\/span><\/p>\n<p><span lang=\"en-US\">We buy mainly <strong>steel scrap<\/strong>, <strong>cast iron scrap and colored metals<\/strong> scrap including copper, aluminium, brass, bronze, zinc, tin and <strong>alloy steel<\/strong>. We trade both scrap batch as well as unbatch including parts of structures, machines, metal chips and metal sheets. We also deal with disassembly of steel structures at the customer\u2019s site. All our methods of disassembly protect the environment from pollution and do not affect safety of people. We focus on providing the top quality of the offered services and professional customer service. <\/span><\/p>\n<p><span lang=\"en-US\">Another important aspect of our activity <strong>is transport and forwarding services<\/strong>. We use <strong>modern equipment<\/strong> for loading and transport of scrap metal (HDS self-loading trucks). Apart from that, we offer weighing services with weighing facility up to 60 tonnes. We provide large quantities of scrap metal to the majority of Polish steel mills and foundries, which use it as a raw material for production. In addition, we buy scrap of rare and precious metals as well as waste electronic equipment, cartridge cases, artillery shells and untypical waste. <\/span><\/p>\n<p><span lang=\"en-US\">We are open and willing to any kind of cooperation and we ensure compliance with all the safety standards and requirements imposed by the controlling institutions (<strong>we have required permits for receiving, transportation and processing of scrap metal<\/strong>). You can rest assured that your delivery will be professionally evaluated by our team members. We combine professional customer service with environment protection and we are ready for large-scale cooperation. What sets us apart from our competitors is the possibility of container manipulation according to the customer\u2019s wish. Additionally,\u00a0for a convenience of\u00a0our clients, we offer different forms of payment e.g. account set-off for metallurgical products or metal scrap.<\/span><\/p>\n<h2><span lang=\"en-US\">We protect the enviroment<\/span><\/h2>\n<p><span lang=\"en-US\">As today\u2019s environmental challenges are based on joint actions, our company aims to implement environment- friendly procedures. When receiving scrap metal, we make sure it is carefully selected and does not contain any substances that are hazardous for the environment and for the human health. During the process of sale and transportation, we strive to ensure most environment friendly conditions and reduce the produced waste.<\/span><\/p>","protected":false},"excerpt":{"rendered":"<p>We are a company located in the Podkarpackie Province with an office in Zabajka near Glogow Malopolski. Our business area is mainly the Podkarpackie Province, however, we established cooperation with enterprises from other regions of Poland as well and from Slovakia and Czech Republic. We buy mainly steel scrap, cast iron scrap and colored metals [&hellip;]<\/p>\n","protected":false},"author":1,"featured_media":0,"parent":0,"menu_order":0,"comment_status":"open","ping_status":"open","template":"","meta":[],"acf":[],"yoast_head":"<!-- This site is optimized with the Yoast SEO plugin v17.9 - https:\/\/yoast.com\/wordpress\/plugins\/seo\/ -->\n<meta name=\"description\" content=\"Skup z\u0142omu stalowego,\u017celiwnego i kolorowego: mied\u017a, aluminium, mosi\u0105dz, br\u0105z i inne. Oferujemy atrakcyjne ceny, sprzeda\u017c i transport z wag\u0105\" \/>\n<meta name=\"robots\" content=\"index, follow, max-snippet:-1, max-image-preview:large, max-video-preview:-1\" \/>\n<link rel=\"canonical\" href=\"https:\/\/metalscrap.pl\/o-firmie\/\" \/>\n<meta property=\"og:locale\" content=\"en_US\" \/>\n<meta property=\"og:type\" content=\"article\" \/>\n<meta property=\"og:title\" content=\"ABOUT US - Metalscrap |Purchase of steel and colored metal scrap\" \/>\n<meta property=\"og:description\" content=\"Skup z\u0142omu stalowego,\u017celiwnego i kolorowego: mied\u017a, aluminium, mosi\u0105dz, br\u0105z i inne. Oferujemy atrakcyjne ceny, sprzeda\u017c i transport z wag\u0105\" \/>\n<meta property=\"og:url\" content=\"https:\/\/metalscrap.pl\/o-firmie\/\" \/>\n<meta property=\"og:site_name\" content=\"Metalscrap |Purchase of steel and colored metal scrap\" \/>\n<meta property=\"article:modified_time\" content=\"2015-07-27T11:31:19+00:00\" \/>\n<meta name=\"twitter:card\" content=\"summary\" \/>\n<meta name=\"twitter:label1\" content=\"Est. reading time\" \/>\n\t<meta name=\"twitter:data1\" content=\"6 minutes\" \/>\n<script type=\"application\/ld+json\" class=\"yoast-schema-graph\">{\"@context\":\"https:\/\/schema.org\",\"@graph\":[{\"@type\":\"WebSite\",\"@id\":\"https:\/\/metalscrap.pl\/#website\",\"url\":\"https:\/\/metalscrap.pl\/\",\"name\":\"Metalscrap |Purchase of steel and colored metal scrap\",\"description\":\"Skup z\\u0142omu stalowego,\\u017celiwnego i kolorowego: mied\\u017a, aluminium, mosi\\u0105dz, br\\u0105z i inne. Oferujemy atrakcyjne ceny, sprzeda\\u017c i transport z wag\\u0105\",\"potentialAction\":[{\"@type\":\"SearchAction\",\"target\":{\"@type\":\"EntryPoint\",\"urlTemplate\":\"https:\/\/metalscrap.pl\/?s={search_term_string}\"},\"query-input\":\"required name=search_term_string\"}],\"inLanguage\":\"en-US\"},{\"@type\":\"WebPage\",\"@id\":\"https:\/\/metalscrap.pl\/o-firmie\/#webpage\",\"url\":\"https:\/\/metalscrap.pl\/o-firmie\/\",\"name\":\"ABOUT US - Metalscrap |Purchase of steel and colored metal scrap\",\"isPartOf\":{\"@id\":\"https:\/\/metalscrap.pl\/#website\"},\"datePublished\":\"2015-07-22T07:50:50+00:00\",\"dateModified\":\"2015-07-27T11:31:19+00:00\",\"description\":\"Skup z\\u0142omu stalowego,\\u017celiwnego i kolorowego: mied\\u017a, aluminium, mosi\\u0105dz, br\\u0105z i inne. Oferujemy atrakcyjne ceny, sprzeda\\u017c i transport z wag\\u0105\",\"breadcrumb\":{\"@id\":\"https:\/\/metalscrap.pl\/o-firmie\/#breadcrumb\"},\"inLanguage\":\"en-US\",\"potentialAction\":[{\"@type\":\"ReadAction\",\"target\":[\"https:\/\/metalscrap.pl\/o-firmie\/\"]}]},{\"@type\":\"BreadcrumbList\",\"@id\":\"https:\/\/metalscrap.pl\/o-firmie\/#breadcrumb\",\"itemListElement\":[{\"@type\":\"ListItem\",\"position\":1,\"name\":\"Strona g\\u0142\\u00f3wna\",\"item\":\"https:\/\/metalscrap.pl\/en\/\"},{\"@type\":\"ListItem\",\"position\":2,\"name\":\"O FIRMIE\"}]}]}<\/script>\n<!-- \/ Yoast SEO plugin. -->","yoast_head_json":{"description":"Skup z\u0142omu stalowego,\u017celiwnego i kolorowego: mied\u017a, aluminium, mosi\u0105dz, br\u0105z i inne. Oferujemy atrakcyjne ceny, sprzeda\u017c i transport z wag\u0105","robots":{"index":"index","follow":"follow","max-snippet":"max-snippet:-1","max-image-preview":"max-image-preview:large","max-video-preview":"max-video-preview:-1"},"canonical":"https:\/\/metalscrap.pl\/o-firmie\/","og_locale":"en_US","og_type":"article","og_title":"ABOUT US - Metalscrap |Purchase of steel and colored metal scrap","og_description":"Skup z\u0142omu stalowego,\u017celiwnego i kolorowego: mied\u017a, aluminium, mosi\u0105dz, br\u0105z i inne. Oferujemy atrakcyjne ceny, sprzeda\u017c i transport z wag\u0105","og_url":"https:\/\/metalscrap.pl\/o-firmie\/","og_site_name":"Metalscrap |Purchase of steel and colored metal scrap","article_modified_time":"2015-07-27T11:31:19+00:00","twitter_card":"summary","twitter_misc":{"Est. reading time":"6 minutes"},"schema":{"@context":"https:\/\/schema.org","@graph":[{"@type":"WebSite","@id":"https:\/\/metalscrap.pl\/#website","url":"https:\/\/metalscrap.pl\/","name":"Metalscrap |Purchase of steel and colored metal scrap","description":"Skup z\u0142omu stalowego,\u017celiwnego i kolorowego: mied\u017a, aluminium, mosi\u0105dz, br\u0105z i inne. Oferujemy atrakcyjne ceny, sprzeda\u017c i transport z wag\u0105","potentialAction":[{"@type":"SearchAction","target":{"@type":"EntryPoint","urlTemplate":"https:\/\/metalscrap.pl\/?s={search_term_string}"},"query-input":"required name=search_term_string"}],"inLanguage":"en-US"},{"@type":"WebPage","@id":"https:\/\/metalscrap.pl\/o-firmie\/#webpage","url":"https:\/\/metalscrap.pl\/o-firmie\/","name":"ABOUT US - Metalscrap |Purchase of steel and colored metal scrap","isPartOf":{"@id":"https:\/\/metalscrap.pl\/#website"},"datePublished":"2015-07-22T07:50:50+00:00","dateModified":"2015-07-27T11:31:19+00:00","description":"Skup z\u0142omu stalowego,\u017celiwnego i kolorowego: mied\u017a, aluminium, mosi\u0105dz, br\u0105z i inne. Oferujemy atrakcyjne ceny, sprzeda\u017c i transport z wag\u0105","breadcrumb":{"@id":"https:\/\/metalscrap.pl\/o-firmie\/#breadcrumb"},"inLanguage":"en-US","potentialAction":[{"@type":"ReadAction","target":["https:\/\/metalscrap.pl\/o-firmie\/"]}]},{"@type":"BreadcrumbList","@id":"https:\/\/metalscrap.pl\/o-firmie\/#breadcrumb","itemListElement":[{"@type":"ListItem","position":1,"name":"Strona g\u0142\u00f3wna","item":"https:\/\/metalscrap.pl\/en\/"},{"@type":"ListItem","position":2,"name":"O FIRMIE"}]}]}},"_links":{"self":[{"href":"https:\/\/metalscrap.pl\/en\/wp-json\/wp\/v2\/pages\/10"}],"collection":[{"href":"https:\/\/metalscrap.pl\/en\/wp-json\/wp\/v2\/pages"}],"about":[{"href":"https:\/\/metalscrap.pl\/en\/wp-json\/wp\/v2\/types\/page"}],"author":[{"embeddable":true,"href":"https:\/\/metalscrap.pl\/en\/wp-json\/wp\/v2\/users\/1"}],"replies":[{"embeddable":true,"href":"https:\/\/metalscrap.pl\/en\/wp-json\/wp\/v2\/comments?post=10"}],"version-history":[{"count":10,"href":"https:\/\/metalscrap.pl\/en\/wp-json\/wp\/v2\/pages\/10\/revisions"}],"predecessor-version":[{"id":126,"href":"https:\/\/metalscrap.pl\/en\/wp-json\/wp\/v2\/pages\/10\/revisions\/126"}],"wp:attachment":[{"href":"https:\/\/metalscrap.pl\/en\/wp-json\/wp\/v2\/media?parent=10"}],"curies":[{"name":"wp","href":"https:\/\/api.w.org\/{rel}","templated":true}]}}