{"id":18,"date":"2015-07-22T09:51:58","date_gmt":"2015-07-22T07:51:58","guid":{"rendered":"http:\/\/metalscrap.mj.dev.aberit.pl\/?page_id=18"},"modified":"2015-07-27T13:59:05","modified_gmt":"2015-07-27T11:59:05","slug":"ue","status":"publish","type":"page","link":"https:\/\/metalscrap.pl\/de\/eu\/","title":{"rendered":"EU"},"content":{"rendered":"<p>Metal Scrap realisiert einen Investizionsprojekt im Rahmen von Ma\u00dfnahme 1.1. Skizze B operationellen Regionalprogramms f\u00fcr die Woiwodschaft Podkarpackie 2007\u20132013.<\/p>\n<p><strong>Der projekt ist von Mitteln der Europ\u00e4ischen Union und den \u00f6ffentlichen Haushalten im Rahmen von operationellen Regionalprogramms f\u00fcr die Woiwodschaft Podkarpackie 2007\u20132013 unterst\u00fctzt worden .<\/strong><\/p>\n<p><strong>Wir investieren in Podkarpackie.<\/strong><\/p>","protected":false},"excerpt":{"rendered":"<p>Metal Scrap realisiert einen Investizionsprojekt im Rahmen von Ma\u00dfnahme 1.1. Skizze B operationellen Regionalprogramms f\u00fcr die Woiwodschaft Podkarpackie 2007\u20132013. Der projekt ist von Mitteln der Europ\u00e4ischen Union und den \u00f6ffentlichen Haushalten im Rahmen von operationellen Regionalprogramms f\u00fcr die Woiwodschaft Podkarpackie 2007\u20132013 unterst\u00fctzt worden . Wir investieren in Podkarpackie.<\/p>\n","protected":false},"author":1,"featured_media":0,"parent":0,"menu_order":0,"comment_status":"open","ping_status":"open","template":"","meta":[],"acf":[],"yoast_head":"<!-- This site is optimized with the Yoast SEO plugin v17.9 - https:\/\/yoast.com\/wordpress\/plugins\/seo\/ -->\n<meta name=\"description\" content=\"Skup z\u0142omu stalowego,\u017celiwnego i kolorowego: mied\u017a, aluminium, mosi\u0105dz, br\u0105z i inne. Oferujemy atrakcyjne ceny, sprzeda\u017c i transport z wag\u0105\" \/>\n<meta name=\"robots\" content=\"index, follow, max-snippet:-1, max-image-preview:large, max-video-preview:-1\" \/>\n<link rel=\"canonical\" href=\"https:\/\/metalscrap.pl\/en\/eu\/\" \/>\n<meta property=\"og:locale\" content=\"de_DE\" \/>\n<meta property=\"og:type\" content=\"article\" \/>\n<meta property=\"og:title\" content=\"EU - Metalscrap | Ankauf von stahlschrott und buntmetallen\" \/>\n<meta property=\"og:description\" content=\"Skup z\u0142omu stalowego,\u017celiwnego i kolorowego: mied\u017a, aluminium, mosi\u0105dz, br\u0105z i inne. Oferujemy atrakcyjne ceny, sprzeda\u017c i transport z wag\u0105\" \/>\n<meta property=\"og:url\" content=\"https:\/\/metalscrap.pl\/en\/eu\/\" \/>\n<meta property=\"og:site_name\" content=\"Metalscrap | Ankauf von stahlschrott und buntmetallen\" \/>\n<meta property=\"article:modified_time\" content=\"2015-07-27T11:59:05+00:00\" \/>\n<meta name=\"twitter:card\" content=\"summary\" \/>\n<meta name=\"twitter:label1\" content=\"Gesch\u00e4tzte Lesezeit\" \/>\n\t<meta name=\"twitter:data1\" content=\"1\u00a0Minute\" \/>\n<script type=\"application\/ld+json\" class=\"yoast-schema-graph\">{\"@context\":\"https:\/\/schema.org\",\"@graph\":[{\"@type\":\"WebSite\",\"@id\":\"https:\/\/metalscrap.pl\/#website\",\"url\":\"https:\/\/metalscrap.pl\/\",\"name\":\"Metalscrap | Ankauf von stahlschrott und buntmetallen\",\"description\":\"Skup z\\u0142omu stalowego,\\u017celiwnego i kolorowego: mied\\u017a, aluminium, mosi\\u0105dz, br\\u0105z i inne. Oferujemy atrakcyjne ceny, sprzeda\\u017c i transport z wag\\u0105\",\"potentialAction\":[{\"@type\":\"SearchAction\",\"target\":{\"@type\":\"EntryPoint\",\"urlTemplate\":\"https:\/\/metalscrap.pl\/?s={search_term_string}\"},\"query-input\":\"required name=search_term_string\"}],\"inLanguage\":\"de\"},{\"@type\":\"WebPage\",\"@id\":\"https:\/\/metalscrap.pl\/en\/eu\/#webpage\",\"url\":\"https:\/\/metalscrap.pl\/en\/eu\/\",\"name\":\"EU - Metalscrap | Ankauf von stahlschrott und buntmetallen\",\"isPartOf\":{\"@id\":\"https:\/\/metalscrap.pl\/#website\"},\"datePublished\":\"2015-07-22T07:51:58+00:00\",\"dateModified\":\"2015-07-27T11:59:05+00:00\",\"description\":\"Skup z\\u0142omu stalowego,\\u017celiwnego i kolorowego: mied\\u017a, aluminium, mosi\\u0105dz, br\\u0105z i inne. Oferujemy atrakcyjne ceny, sprzeda\\u017c i transport z wag\\u0105\",\"breadcrumb\":{\"@id\":\"https:\/\/metalscrap.pl\/en\/eu\/#breadcrumb\"},\"inLanguage\":\"de\",\"potentialAction\":[{\"@type\":\"ReadAction\",\"target\":[\"https:\/\/metalscrap.pl\/en\/eu\/\"]}]},{\"@type\":\"BreadcrumbList\",\"@id\":\"https:\/\/metalscrap.pl\/en\/eu\/#breadcrumb\",\"itemListElement\":[{\"@type\":\"ListItem\",\"position\":1,\"name\":\"Strona g\\u0142\\u00f3wna\",\"item\":\"https:\/\/metalscrap.pl\/en\/\"},{\"@type\":\"ListItem\",\"position\":2,\"name\":\"EU\"}]}]}<\/script>\n<!-- \/ Yoast SEO plugin. -->","yoast_head_json":{"description":"Skup z\u0142omu stalowego,\u017celiwnego i kolorowego: mied\u017a, aluminium, mosi\u0105dz, br\u0105z i inne. Oferujemy atrakcyjne ceny, sprzeda\u017c i transport z wag\u0105","robots":{"index":"index","follow":"follow","max-snippet":"max-snippet:-1","max-image-preview":"max-image-preview:large","max-video-preview":"max-video-preview:-1"},"canonical":"https:\/\/metalscrap.pl\/en\/eu\/","og_locale":"de_DE","og_type":"article","og_title":"EU - Metalscrap | Ankauf von stahlschrott und buntmetallen","og_description":"Skup z\u0142omu stalowego,\u017celiwnego i kolorowego: mied\u017a, aluminium, mosi\u0105dz, br\u0105z i inne. Oferujemy atrakcyjne ceny, sprzeda\u017c i transport z wag\u0105","og_url":"https:\/\/metalscrap.pl\/en\/eu\/","og_site_name":"Metalscrap | Ankauf von stahlschrott und buntmetallen","article_modified_time":"2015-07-27T11:59:05+00:00","twitter_card":"summary","twitter_misc":{"Gesch\u00e4tzte Lesezeit":"1\u00a0Minute"},"schema":{"@context":"https:\/\/schema.org","@graph":[{"@type":"WebSite","@id":"https:\/\/metalscrap.pl\/#website","url":"https:\/\/metalscrap.pl\/","name":"Metalscrap | Ankauf von stahlschrott und buntmetallen","description":"Skup z\u0142omu stalowego,\u017celiwnego i kolorowego: mied\u017a, aluminium, mosi\u0105dz, br\u0105z i inne. Oferujemy atrakcyjne ceny, sprzeda\u017c i transport z wag\u0105","potentialAction":[{"@type":"SearchAction","target":{"@type":"EntryPoint","urlTemplate":"https:\/\/metalscrap.pl\/?s={search_term_string}"},"query-input":"required name=search_term_string"}],"inLanguage":"de"},{"@type":"WebPage","@id":"https:\/\/metalscrap.pl\/en\/eu\/#webpage","url":"https:\/\/metalscrap.pl\/en\/eu\/","name":"EU - Metalscrap | Ankauf von stahlschrott und buntmetallen","isPartOf":{"@id":"https:\/\/metalscrap.pl\/#website"},"datePublished":"2015-07-22T07:51:58+00:00","dateModified":"2015-07-27T11:59:05+00:00","description":"Skup z\u0142omu stalowego,\u017celiwnego i kolorowego: mied\u017a, aluminium, mosi\u0105dz, br\u0105z i inne. Oferujemy atrakcyjne ceny, sprzeda\u017c i transport z wag\u0105","breadcrumb":{"@id":"https:\/\/metalscrap.pl\/en\/eu\/#breadcrumb"},"inLanguage":"de","potentialAction":[{"@type":"ReadAction","target":["https:\/\/metalscrap.pl\/en\/eu\/"]}]},{"@type":"BreadcrumbList","@id":"https:\/\/metalscrap.pl\/en\/eu\/#breadcrumb","itemListElement":[{"@type":"ListItem","position":1,"name":"Strona g\u0142\u00f3wna","item":"https:\/\/metalscrap.pl\/en\/"},{"@type":"ListItem","position":2,"name":"EU"}]}]}},"_links":{"self":[{"href":"https:\/\/metalscrap.pl\/de\/wp-json\/wp\/v2\/pages\/18"}],"collection":[{"href":"https:\/\/metalscrap.pl\/de\/wp-json\/wp\/v2\/pages"}],"about":[{"href":"https:\/\/metalscrap.pl\/de\/wp-json\/wp\/v2\/types\/page"}],"author":[{"embeddable":true,"href":"https:\/\/metalscrap.pl\/de\/wp-json\/wp\/v2\/users\/1"}],"replies":[{"embeddable":true,"href":"https:\/\/metalscrap.pl\/de\/wp-json\/wp\/v2\/comments?post=18"}],"version-history":[{"count":6,"href":"https:\/\/metalscrap.pl\/de\/wp-json\/wp\/v2\/pages\/18\/revisions"}],"predecessor-version":[{"id":136,"href":"https:\/\/metalscrap.pl\/de\/wp-json\/wp\/v2\/pages\/18\/revisions\/136"}],"wp:attachment":[{"href":"https:\/\/metalscrap.pl\/de\/wp-json\/wp\/v2\/media?parent=18"}],"curies":[{"name":"wp","href":"https:\/\/api.w.org\/{rel}","templated":true}]}}