{"id":14,"date":"2015-07-22T09:51:37","date_gmt":"2015-07-22T07:51:37","guid":{"rendered":"http:\/\/metalscrap.mj.dev.aberit.pl\/?page_id=14"},"modified":"2015-07-27T14:09:07","modified_gmt":"2015-07-27T12:09:07","slug":"galeria","status":"publish","type":"page","link":"https:\/\/metalscrap.pl\/de\/fotogalerie\/","title":{"rendered":"FOTOGALERIE"},"content":{"rendered":"<p><div data-carousel-extra='{\"blog_id\":1,\"permalink\":\"https:\\\/\\\/metalscrap.pl\\\/de\\\/fotogalerie\\\/\",\"likes_blog_id\":false}' id='gallery-3' class='gallery galleryid-14 gallery-columns-3 gallery-size-medium'><figure class='gallery-item'>\n\t\t\t<div class='gallery-icon landscape'>\n\t\t\t\t<img width=\"300\" height=\"199\" src=\"https:\/\/metalscrap.pl\/wp-content\/uploads\/2015\/07\/DSC_5117-300x199.jpg\" class=\"attachment-medium size-medium\" alt=\"\" loading=\"lazy\" srcset=\"https:\/\/metalscrap.pl\/wp-content\/uploads\/2015\/07\/DSC_5117-300x199.jpg 300w, https:\/\/metalscrap.pl\/wp-content\/uploads\/2015\/07\/DSC_5117.jpg 800w\" sizes=\"(max-width: 300px) 100vw, 300px\" data-attachment-id=\"81\" data-orig-file=\"https:\/\/metalscrap.pl\/wp-content\/uploads\/2015\/07\/DSC_5117.jpg\" data-orig-size=\"800,531\" data-comments-opened=\"1\" data-image-meta=\"{&quot;aperture&quot;:&quot;0&quot;,&quot;credit&quot;:&quot;&quot;,&quot;camera&quot;:&quot;&quot;,&quot;caption&quot;:&quot;&quot;,&quot;created_timestamp&quot;:&quot;0&quot;,&quot;copyright&quot;:&quot;&quot;,&quot;focal_length&quot;:&quot;0&quot;,&quot;iso&quot;:&quot;0&quot;,&quot;shutter_speed&quot;:&quot;0&quot;,&quot;title&quot;:&quot;&quot;,&quot;orientation&quot;:&quot;0&quot;}\" data-image-title=\"DSC_5117\" data-image-description=\"\" data-medium-file=\"https:\/\/metalscrap.pl\/wp-content\/uploads\/2015\/07\/DSC_5117-300x199.jpg\" data-large-file=\"https:\/\/metalscrap.pl\/wp-content\/uploads\/2015\/07\/DSC_5117.jpg\" \/>\n\t\t\t<\/div><\/figure><figure class='gallery-item'>\n\t\t\t<div class='gallery-icon landscape'>\n\t\t\t\t<img width=\"300\" height=\"199\" src=\"https:\/\/metalscrap.pl\/wp-content\/uploads\/2015\/07\/DSC_5120-300x199.jpg\" class=\"attachment-medium size-medium\" alt=\"\" loading=\"lazy\" srcset=\"https:\/\/metalscrap.pl\/wp-content\/uploads\/2015\/07\/DSC_5120-300x199.jpg 300w, https:\/\/metalscrap.pl\/wp-content\/uploads\/2015\/07\/DSC_5120.jpg 800w\" sizes=\"(max-width: 300px) 100vw, 300px\" data-attachment-id=\"82\" data-orig-file=\"https:\/\/metalscrap.pl\/wp-content\/uploads\/2015\/07\/DSC_5120.jpg\" data-orig-size=\"800,531\" data-comments-opened=\"1\" data-image-meta=\"{&quot;aperture&quot;:&quot;0&quot;,&quot;credit&quot;:&quot;&quot;,&quot;camera&quot;:&quot;&quot;,&quot;caption&quot;:&quot;&quot;,&quot;created_timestamp&quot;:&quot;0&quot;,&quot;copyright&quot;:&quot;&quot;,&quot;focal_length&quot;:&quot;0&quot;,&quot;iso&quot;:&quot;0&quot;,&quot;shutter_speed&quot;:&quot;0&quot;,&quot;title&quot;:&quot;&quot;,&quot;orientation&quot;:&quot;0&quot;}\" data-image-title=\"DSC_5120\" data-image-description=\"\" data-medium-file=\"https:\/\/metalscrap.pl\/wp-content\/uploads\/2015\/07\/DSC_5120-300x199.jpg\" data-large-file=\"https:\/\/metalscrap.pl\/wp-content\/uploads\/2015\/07\/DSC_5120.jpg\" \/>\n\t\t\t<\/div><\/figure><figure class='gallery-item'>\n\t\t\t<div class='gallery-icon landscape'>\n\t\t\t\t<img width=\"300\" height=\"199\" src=\"https:\/\/metalscrap.pl\/wp-content\/uploads\/2015\/07\/DSC_5123-300x199.jpg\" class=\"attachment-medium size-medium\" alt=\"\" loading=\"lazy\" srcset=\"https:\/\/metalscrap.pl\/wp-content\/uploads\/2015\/07\/DSC_5123-300x199.jpg 300w, https:\/\/metalscrap.pl\/wp-content\/uploads\/2015\/07\/DSC_5123.jpg 800w\" sizes=\"(max-width: 300px) 100vw, 300px\" data-attachment-id=\"83\" data-orig-file=\"https:\/\/metalscrap.pl\/wp-content\/uploads\/2015\/07\/DSC_5123.jpg\" data-orig-size=\"800,531\" data-comments-opened=\"1\" data-image-meta=\"{&quot;aperture&quot;:&quot;0&quot;,&quot;credit&quot;:&quot;&quot;,&quot;camera&quot;:&quot;&quot;,&quot;caption&quot;:&quot;&quot;,&quot;created_timestamp&quot;:&quot;0&quot;,&quot;copyright&quot;:&quot;&quot;,&quot;focal_length&quot;:&quot;0&quot;,&quot;iso&quot;:&quot;0&quot;,&quot;shutter_speed&quot;:&quot;0&quot;,&quot;title&quot;:&quot;&quot;,&quot;orientation&quot;:&quot;0&quot;}\" data-image-title=\"DSC_5123\" data-image-description=\"\" data-medium-file=\"https:\/\/metalscrap.pl\/wp-content\/uploads\/2015\/07\/DSC_5123-300x199.jpg\" data-large-file=\"https:\/\/metalscrap.pl\/wp-content\/uploads\/2015\/07\/DSC_5123.jpg\" \/>\n\t\t\t<\/div><\/figure><figure class='gallery-item'>\n\t\t\t<div class='gallery-icon landscape'>\n\t\t\t\t<img width=\"300\" height=\"199\" src=\"https:\/\/metalscrap.pl\/wp-content\/uploads\/2015\/07\/DSC_5128-300x199.jpg\" class=\"attachment-medium size-medium\" alt=\"\" loading=\"lazy\" srcset=\"https:\/\/metalscrap.pl\/wp-content\/uploads\/2015\/07\/DSC_5128-300x199.jpg 300w, https:\/\/metalscrap.pl\/wp-content\/uploads\/2015\/07\/DSC_5128.jpg 800w\" sizes=\"(max-width: 300px) 100vw, 300px\" data-attachment-id=\"84\" data-orig-file=\"https:\/\/metalscrap.pl\/wp-content\/uploads\/2015\/07\/DSC_5128.jpg\" data-orig-size=\"800,531\" data-comments-opened=\"1\" data-image-meta=\"{&quot;aperture&quot;:&quot;0&quot;,&quot;credit&quot;:&quot;&quot;,&quot;camera&quot;:&quot;&quot;,&quot;caption&quot;:&quot;&quot;,&quot;created_timestamp&quot;:&quot;0&quot;,&quot;copyright&quot;:&quot;&quot;,&quot;focal_length&quot;:&quot;0&quot;,&quot;iso&quot;:&quot;0&quot;,&quot;shutter_speed&quot;:&quot;0&quot;,&quot;title&quot;:&quot;&quot;,&quot;orientation&quot;:&quot;0&quot;}\" data-image-title=\"DSC_5128\" data-image-description=\"\" data-medium-file=\"https:\/\/metalscrap.pl\/wp-content\/uploads\/2015\/07\/DSC_5128-300x199.jpg\" data-large-file=\"https:\/\/metalscrap.pl\/wp-content\/uploads\/2015\/07\/DSC_5128.jpg\" \/>\n\t\t\t<\/div><\/figure><figure class='gallery-item'>\n\t\t\t<div class='gallery-icon landscape'>\n\t\t\t\t<img width=\"300\" height=\"199\" src=\"https:\/\/metalscrap.pl\/wp-content\/uploads\/2015\/07\/DSC_5136-300x199.jpg\" class=\"attachment-medium size-medium\" alt=\"\" loading=\"lazy\" srcset=\"https:\/\/metalscrap.pl\/wp-content\/uploads\/2015\/07\/DSC_5136-300x199.jpg 300w, https:\/\/metalscrap.pl\/wp-content\/uploads\/2015\/07\/DSC_5136.jpg 800w\" sizes=\"(max-width: 300px) 100vw, 300px\" data-attachment-id=\"85\" data-orig-file=\"https:\/\/metalscrap.pl\/wp-content\/uploads\/2015\/07\/DSC_5136.jpg\" data-orig-size=\"800,531\" data-comments-opened=\"1\" data-image-meta=\"{&quot;aperture&quot;:&quot;0&quot;,&quot;credit&quot;:&quot;&quot;,&quot;camera&quot;:&quot;&quot;,&quot;caption&quot;:&quot;&quot;,&quot;created_timestamp&quot;:&quot;0&quot;,&quot;copyright&quot;:&quot;&quot;,&quot;focal_length&quot;:&quot;0&quot;,&quot;iso&quot;:&quot;0&quot;,&quot;shutter_speed&quot;:&quot;0&quot;,&quot;title&quot;:&quot;&quot;,&quot;orientation&quot;:&quot;0&quot;}\" data-image-title=\"DSC_5136\" data-image-description=\"\" data-medium-file=\"https:\/\/metalscrap.pl\/wp-content\/uploads\/2015\/07\/DSC_5136-300x199.jpg\" data-large-file=\"https:\/\/metalscrap.pl\/wp-content\/uploads\/2015\/07\/DSC_5136.jpg\" \/>\n\t\t\t<\/div><\/figure><figure class='gallery-item'>\n\t\t\t<div class='gallery-icon landscape'>\n\t\t\t\t<img width=\"300\" height=\"199\" src=\"https:\/\/metalscrap.pl\/wp-content\/uploads\/2015\/07\/DSC_5138-300x199.jpg\" class=\"attachment-medium size-medium\" alt=\"\" loading=\"lazy\" srcset=\"https:\/\/metalscrap.pl\/wp-content\/uploads\/2015\/07\/DSC_5138-300x199.jpg 300w, https:\/\/metalscrap.pl\/wp-content\/uploads\/2015\/07\/DSC_5138.jpg 800w\" sizes=\"(max-width: 300px) 100vw, 300px\" data-attachment-id=\"86\" data-orig-file=\"https:\/\/metalscrap.pl\/wp-content\/uploads\/2015\/07\/DSC_5138.jpg\" data-orig-size=\"800,531\" data-comments-opened=\"1\" data-image-meta=\"{&quot;aperture&quot;:&quot;0&quot;,&quot;credit&quot;:&quot;&quot;,&quot;camera&quot;:&quot;&quot;,&quot;caption&quot;:&quot;&quot;,&quot;created_timestamp&quot;:&quot;0&quot;,&quot;copyright&quot;:&quot;&quot;,&quot;focal_length&quot;:&quot;0&quot;,&quot;iso&quot;:&quot;0&quot;,&quot;shutter_speed&quot;:&quot;0&quot;,&quot;title&quot;:&quot;&quot;,&quot;orientation&quot;:&quot;0&quot;}\" data-image-title=\"DSC_5138\" data-image-description=\"\" data-medium-file=\"https:\/\/metalscrap.pl\/wp-content\/uploads\/2015\/07\/DSC_5138-300x199.jpg\" data-large-file=\"https:\/\/metalscrap.pl\/wp-content\/uploads\/2015\/07\/DSC_5138.jpg\" \/>\n\t\t\t<\/div><\/figure><figure class='gallery-item'>\n\t\t\t<div class='gallery-icon landscape'>\n\t\t\t\t<img width=\"300\" height=\"199\" src=\"https:\/\/metalscrap.pl\/wp-content\/uploads\/2015\/07\/DSC_5144-300x199.jpg\" class=\"attachment-medium size-medium\" alt=\"\" loading=\"lazy\" srcset=\"https:\/\/metalscrap.pl\/wp-content\/uploads\/2015\/07\/DSC_5144-300x199.jpg 300w, https:\/\/metalscrap.pl\/wp-content\/uploads\/2015\/07\/DSC_5144.jpg 800w\" sizes=\"(max-width: 300px) 100vw, 300px\" data-attachment-id=\"87\" data-orig-file=\"https:\/\/metalscrap.pl\/wp-content\/uploads\/2015\/07\/DSC_5144.jpg\" data-orig-size=\"800,531\" data-comments-opened=\"1\" data-image-meta=\"{&quot;aperture&quot;:&quot;0&quot;,&quot;credit&quot;:&quot;&quot;,&quot;camera&quot;:&quot;&quot;,&quot;caption&quot;:&quot;&quot;,&quot;created_timestamp&quot;:&quot;0&quot;,&quot;copyright&quot;:&quot;&quot;,&quot;focal_length&quot;:&quot;0&quot;,&quot;iso&quot;:&quot;0&quot;,&quot;shutter_speed&quot;:&quot;0&quot;,&quot;title&quot;:&quot;&quot;,&quot;orientation&quot;:&quot;0&quot;}\" data-image-title=\"DSC_5144\" data-image-description=\"\" data-medium-file=\"https:\/\/metalscrap.pl\/wp-content\/uploads\/2015\/07\/DSC_5144-300x199.jpg\" data-large-file=\"https:\/\/metalscrap.pl\/wp-content\/uploads\/2015\/07\/DSC_5144.jpg\" \/>\n\t\t\t<\/div><\/figure><figure class='gallery-item'>\n\t\t\t<div class='gallery-icon landscape'>\n\t\t\t\t<img width=\"300\" height=\"199\" src=\"https:\/\/metalscrap.pl\/wp-content\/uploads\/2015\/07\/DSC_5146-300x199.jpg\" class=\"attachment-medium size-medium\" alt=\"\" loading=\"lazy\" srcset=\"https:\/\/metalscrap.pl\/wp-content\/uploads\/2015\/07\/DSC_5146-300x199.jpg 300w, https:\/\/metalscrap.pl\/wp-content\/uploads\/2015\/07\/DSC_5146.jpg 800w\" sizes=\"(max-width: 300px) 100vw, 300px\" data-attachment-id=\"88\" data-orig-file=\"https:\/\/metalscrap.pl\/wp-content\/uploads\/2015\/07\/DSC_5146.jpg\" data-orig-size=\"800,531\" data-comments-opened=\"1\" data-image-meta=\"{&quot;aperture&quot;:&quot;0&quot;,&quot;credit&quot;:&quot;&quot;,&quot;camera&quot;:&quot;&quot;,&quot;caption&quot;:&quot;&quot;,&quot;created_timestamp&quot;:&quot;0&quot;,&quot;copyright&quot;:&quot;&quot;,&quot;focal_length&quot;:&quot;0&quot;,&quot;iso&quot;:&quot;0&quot;,&quot;shutter_speed&quot;:&quot;0&quot;,&quot;title&quot;:&quot;&quot;,&quot;orientation&quot;:&quot;0&quot;}\" data-image-title=\"DSC_5146\" data-image-description=\"\" data-medium-file=\"https:\/\/metalscrap.pl\/wp-content\/uploads\/2015\/07\/DSC_5146-300x199.jpg\" data-large-file=\"https:\/\/metalscrap.pl\/wp-content\/uploads\/2015\/07\/DSC_5146.jpg\" \/>\n\t\t\t<\/div><\/figure><figure class='gallery-item'>\n\t\t\t<div class='gallery-icon landscape'>\n\t\t\t\t<img width=\"300\" height=\"199\" src=\"https:\/\/metalscrap.pl\/wp-content\/uploads\/2015\/07\/DSC_5153-300x199.jpg\" class=\"attachment-medium size-medium\" alt=\"\" loading=\"lazy\" srcset=\"https:\/\/metalscrap.pl\/wp-content\/uploads\/2015\/07\/DSC_5153-300x199.jpg 300w, https:\/\/metalscrap.pl\/wp-content\/uploads\/2015\/07\/DSC_5153.jpg 800w\" sizes=\"(max-width: 300px) 100vw, 300px\" data-attachment-id=\"90\" data-orig-file=\"https:\/\/metalscrap.pl\/wp-content\/uploads\/2015\/07\/DSC_5153.jpg\" data-orig-size=\"800,531\" data-comments-opened=\"1\" data-image-meta=\"{&quot;aperture&quot;:&quot;0&quot;,&quot;credit&quot;:&quot;&quot;,&quot;camera&quot;:&quot;&quot;,&quot;caption&quot;:&quot;&quot;,&quot;created_timestamp&quot;:&quot;0&quot;,&quot;copyright&quot;:&quot;&quot;,&quot;focal_length&quot;:&quot;0&quot;,&quot;iso&quot;:&quot;0&quot;,&quot;shutter_speed&quot;:&quot;0&quot;,&quot;title&quot;:&quot;&quot;,&quot;orientation&quot;:&quot;0&quot;}\" data-image-title=\"DSC_5153\" data-image-description=\"\" data-medium-file=\"https:\/\/metalscrap.pl\/wp-content\/uploads\/2015\/07\/DSC_5153-300x199.jpg\" data-large-file=\"https:\/\/metalscrap.pl\/wp-content\/uploads\/2015\/07\/DSC_5153.jpg\" \/>\n\t\t\t<\/div><\/figure><figure class='gallery-item'>\n\t\t\t<div class='gallery-icon landscape'>\n\t\t\t\t<img width=\"300\" height=\"199\" src=\"https:\/\/metalscrap.pl\/wp-content\/uploads\/2015\/07\/DSC_5083-300x199.jpg\" class=\"attachment-medium size-medium\" alt=\"\" loading=\"lazy\" srcset=\"https:\/\/metalscrap.pl\/wp-content\/uploads\/2015\/07\/DSC_5083-300x199.jpg 300w, https:\/\/metalscrap.pl\/wp-content\/uploads\/2015\/07\/DSC_5083.jpg 800w\" sizes=\"(max-width: 300px) 100vw, 300px\" data-attachment-id=\"91\" data-orig-file=\"https:\/\/metalscrap.pl\/wp-content\/uploads\/2015\/07\/DSC_5083.jpg\" data-orig-size=\"800,531\" data-comments-opened=\"1\" data-image-meta=\"{&quot;aperture&quot;:&quot;0&quot;,&quot;credit&quot;:&quot;&quot;,&quot;camera&quot;:&quot;&quot;,&quot;caption&quot;:&quot;&quot;,&quot;created_timestamp&quot;:&quot;0&quot;,&quot;copyright&quot;:&quot;&quot;,&quot;focal_length&quot;:&quot;0&quot;,&quot;iso&quot;:&quot;0&quot;,&quot;shutter_speed&quot;:&quot;0&quot;,&quot;title&quot;:&quot;&quot;,&quot;orientation&quot;:&quot;0&quot;}\" data-image-title=\"DSC_5083\" data-image-description=\"\" data-medium-file=\"https:\/\/metalscrap.pl\/wp-content\/uploads\/2015\/07\/DSC_5083-300x199.jpg\" data-large-file=\"https:\/\/metalscrap.pl\/wp-content\/uploads\/2015\/07\/DSC_5083.jpg\" \/>\n\t\t\t<\/div><\/figure><figure class='gallery-item'>\n\t\t\t<div class='gallery-icon landscape'>\n\t\t\t\t<img width=\"300\" height=\"199\" src=\"https:\/\/metalscrap.pl\/wp-content\/uploads\/2015\/07\/DSC_5085-300x199.jpg\" class=\"attachment-medium size-medium\" alt=\"\" loading=\"lazy\" srcset=\"https:\/\/metalscrap.pl\/wp-content\/uploads\/2015\/07\/DSC_5085-300x199.jpg 300w, https:\/\/metalscrap.pl\/wp-content\/uploads\/2015\/07\/DSC_5085.jpg 800w\" sizes=\"(max-width: 300px) 100vw, 300px\" data-attachment-id=\"92\" data-orig-file=\"https:\/\/metalscrap.pl\/wp-content\/uploads\/2015\/07\/DSC_5085.jpg\" data-orig-size=\"800,531\" data-comments-opened=\"1\" data-image-meta=\"{&quot;aperture&quot;:&quot;0&quot;,&quot;credit&quot;:&quot;&quot;,&quot;camera&quot;:&quot;&quot;,&quot;caption&quot;:&quot;&quot;,&quot;created_timestamp&quot;:&quot;0&quot;,&quot;copyright&quot;:&quot;&quot;,&quot;focal_length&quot;:&quot;0&quot;,&quot;iso&quot;:&quot;0&quot;,&quot;shutter_speed&quot;:&quot;0&quot;,&quot;title&quot;:&quot;&quot;,&quot;orientation&quot;:&quot;0&quot;}\" data-image-title=\"DSC_5085\" data-image-description=\"\" data-medium-file=\"https:\/\/metalscrap.pl\/wp-content\/uploads\/2015\/07\/DSC_5085-300x199.jpg\" data-large-file=\"https:\/\/metalscrap.pl\/wp-content\/uploads\/2015\/07\/DSC_5085.jpg\" \/>\n\t\t\t<\/div><\/figure><figure class='gallery-item'>\n\t\t\t<div class='gallery-icon landscape'>\n\t\t\t\t<img width=\"300\" height=\"199\" src=\"https:\/\/metalscrap.pl\/wp-content\/uploads\/2015\/07\/DSC_5087-300x199.jpg\" class=\"attachment-medium size-medium\" alt=\"\" loading=\"lazy\" srcset=\"https:\/\/metalscrap.pl\/wp-content\/uploads\/2015\/07\/DSC_5087-300x199.jpg 300w, https:\/\/metalscrap.pl\/wp-content\/uploads\/2015\/07\/DSC_5087.jpg 800w\" sizes=\"(max-width: 300px) 100vw, 300px\" data-attachment-id=\"93\" data-orig-file=\"https:\/\/metalscrap.pl\/wp-content\/uploads\/2015\/07\/DSC_5087.jpg\" data-orig-size=\"800,531\" data-comments-opened=\"1\" data-image-meta=\"{&quot;aperture&quot;:&quot;0&quot;,&quot;credit&quot;:&quot;&quot;,&quot;camera&quot;:&quot;&quot;,&quot;caption&quot;:&quot;&quot;,&quot;created_timestamp&quot;:&quot;0&quot;,&quot;copyright&quot;:&quot;&quot;,&quot;focal_length&quot;:&quot;0&quot;,&quot;iso&quot;:&quot;0&quot;,&quot;shutter_speed&quot;:&quot;0&quot;,&quot;title&quot;:&quot;&quot;,&quot;orientation&quot;:&quot;0&quot;}\" data-image-title=\"DSC_5087\" data-image-description=\"\" data-medium-file=\"https:\/\/metalscrap.pl\/wp-content\/uploads\/2015\/07\/DSC_5087-300x199.jpg\" data-large-file=\"https:\/\/metalscrap.pl\/wp-content\/uploads\/2015\/07\/DSC_5087.jpg\" \/>\n\t\t\t<\/div><\/figure><figure class='gallery-item'>\n\t\t\t<div class='gallery-icon landscape'>\n\t\t\t\t<img width=\"300\" height=\"199\" src=\"https:\/\/metalscrap.pl\/wp-content\/uploads\/2015\/07\/DSC_5107-300x199.jpg\" class=\"attachment-medium size-medium\" alt=\"\" loading=\"lazy\" srcset=\"https:\/\/metalscrap.pl\/wp-content\/uploads\/2015\/07\/DSC_5107-300x199.jpg 300w, https:\/\/metalscrap.pl\/wp-content\/uploads\/2015\/07\/DSC_5107.jpg 800w\" sizes=\"(max-width: 300px) 100vw, 300px\" data-attachment-id=\"94\" data-orig-file=\"https:\/\/metalscrap.pl\/wp-content\/uploads\/2015\/07\/DSC_5107.jpg\" data-orig-size=\"800,531\" data-comments-opened=\"1\" data-image-meta=\"{&quot;aperture&quot;:&quot;0&quot;,&quot;credit&quot;:&quot;&quot;,&quot;camera&quot;:&quot;&quot;,&quot;caption&quot;:&quot;&quot;,&quot;created_timestamp&quot;:&quot;0&quot;,&quot;copyright&quot;:&quot;&quot;,&quot;focal_length&quot;:&quot;0&quot;,&quot;iso&quot;:&quot;0&quot;,&quot;shutter_speed&quot;:&quot;0&quot;,&quot;title&quot;:&quot;&quot;,&quot;orientation&quot;:&quot;0&quot;}\" data-image-title=\"DSC_5107\" data-image-description=\"\" data-medium-file=\"https:\/\/metalscrap.pl\/wp-content\/uploads\/2015\/07\/DSC_5107-300x199.jpg\" data-large-file=\"https:\/\/metalscrap.pl\/wp-content\/uploads\/2015\/07\/DSC_5107.jpg\" \/>\n\t\t\t<\/div><\/figure><figure class='gallery-item'>\n\t\t\t<div class='gallery-icon landscape'>\n\t\t\t\t<img width=\"300\" height=\"199\" src=\"https:\/\/metalscrap.pl\/wp-content\/uploads\/2015\/07\/DSC_5111-300x199.jpg\" class=\"attachment-medium size-medium\" alt=\"\" loading=\"lazy\" srcset=\"https:\/\/metalscrap.pl\/wp-content\/uploads\/2015\/07\/DSC_5111-300x199.jpg 300w, https:\/\/metalscrap.pl\/wp-content\/uploads\/2015\/07\/DSC_5111.jpg 800w\" sizes=\"(max-width: 300px) 100vw, 300px\" data-attachment-id=\"95\" data-orig-file=\"https:\/\/metalscrap.pl\/wp-content\/uploads\/2015\/07\/DSC_5111.jpg\" data-orig-size=\"800,531\" data-comments-opened=\"1\" data-image-meta=\"{&quot;aperture&quot;:&quot;0&quot;,&quot;credit&quot;:&quot;&quot;,&quot;camera&quot;:&quot;&quot;,&quot;caption&quot;:&quot;&quot;,&quot;created_timestamp&quot;:&quot;0&quot;,&quot;copyright&quot;:&quot;&quot;,&quot;focal_length&quot;:&quot;0&quot;,&quot;iso&quot;:&quot;0&quot;,&quot;shutter_speed&quot;:&quot;0&quot;,&quot;title&quot;:&quot;&quot;,&quot;orientation&quot;:&quot;0&quot;}\" data-image-title=\"DSC_5111\" data-image-description=\"\" data-medium-file=\"https:\/\/metalscrap.pl\/wp-content\/uploads\/2015\/07\/DSC_5111-300x199.jpg\" data-large-file=\"https:\/\/metalscrap.pl\/wp-content\/uploads\/2015\/07\/DSC_5111.jpg\" \/>\n\t\t\t<\/div><\/figure><figure class='gallery-item'>\n\t\t\t<div class='gallery-icon landscape'>\n\t\t\t\t<img width=\"300\" height=\"199\" src=\"https:\/\/metalscrap.pl\/wp-content\/uploads\/2015\/07\/DSC_5115-300x199.jpg\" class=\"attachment-medium size-medium\" alt=\"\" loading=\"lazy\" srcset=\"https:\/\/metalscrap.pl\/wp-content\/uploads\/2015\/07\/DSC_5115-300x199.jpg 300w, https:\/\/metalscrap.pl\/wp-content\/uploads\/2015\/07\/DSC_5115.jpg 800w\" sizes=\"(max-width: 300px) 100vw, 300px\" data-attachment-id=\"96\" data-orig-file=\"https:\/\/metalscrap.pl\/wp-content\/uploads\/2015\/07\/DSC_5115.jpg\" data-orig-size=\"800,531\" data-comments-opened=\"1\" data-image-meta=\"{&quot;aperture&quot;:&quot;0&quot;,&quot;credit&quot;:&quot;&quot;,&quot;camera&quot;:&quot;&quot;,&quot;caption&quot;:&quot;&quot;,&quot;created_timestamp&quot;:&quot;0&quot;,&quot;copyright&quot;:&quot;&quot;,&quot;focal_length&quot;:&quot;0&quot;,&quot;iso&quot;:&quot;0&quot;,&quot;shutter_speed&quot;:&quot;0&quot;,&quot;title&quot;:&quot;&quot;,&quot;orientation&quot;:&quot;0&quot;}\" data-image-title=\"DSC_5115\" data-image-description=\"\" data-medium-file=\"https:\/\/metalscrap.pl\/wp-content\/uploads\/2015\/07\/DSC_5115-300x199.jpg\" data-large-file=\"https:\/\/metalscrap.pl\/wp-content\/uploads\/2015\/07\/DSC_5115.jpg\" \/>\n\t\t\t<\/div><\/figure>\n\t\t<\/div>\n<\/p>","protected":false},"excerpt":{"rendered":"","protected":false},"author":1,"featured_media":0,"parent":0,"menu_order":0,"comment_status":"open","ping_status":"open","template":"","meta":[],"acf":[],"yoast_head":"<!-- This site is optimized with the Yoast SEO plugin v17.9 - https:\/\/yoast.com\/wordpress\/plugins\/seo\/ -->\n<meta name=\"description\" content=\"Skup z\u0142omu stalowego,\u017celiwnego i kolorowego: mied\u017a, aluminium, mosi\u0105dz, br\u0105z i inne. Oferujemy atrakcyjne ceny, sprzeda\u017c i transport z wag\u0105\" \/>\n<meta name=\"robots\" content=\"index, follow, max-snippet:-1, max-image-preview:large, max-video-preview:-1\" \/>\n<link rel=\"canonical\" href=\"https:\/\/metalscrap.pl\/galeria\/\" \/>\n<meta property=\"og:locale\" content=\"de_DE\" \/>\n<meta property=\"og:type\" content=\"article\" \/>\n<meta property=\"og:title\" content=\"FOTOGALERIE - Metalscrap | Ankauf von stahlschrott und buntmetallen\" \/>\n<meta property=\"og:description\" content=\"Skup z\u0142omu stalowego,\u017celiwnego i kolorowego: mied\u017a, aluminium, mosi\u0105dz, br\u0105z i inne. Oferujemy atrakcyjne ceny, sprzeda\u017c i transport z wag\u0105\" \/>\n<meta property=\"og:url\" content=\"https:\/\/metalscrap.pl\/galeria\/\" \/>\n<meta property=\"og:site_name\" content=\"Metalscrap | Ankauf von stahlschrott und buntmetallen\" \/>\n<meta property=\"article:modified_time\" content=\"2015-07-27T12:09:07+00:00\" \/>\n<meta property=\"og:image\" content=\"https:\/\/metalscrap.pl\/wp-content\/uploads\/2015\/07\/DSC_5115-150x150.jpg\" \/>\n<meta name=\"twitter:card\" content=\"summary\" \/>\n<script type=\"application\/ld+json\" class=\"yoast-schema-graph\">{\"@context\":\"https:\/\/schema.org\",\"@graph\":[{\"@type\":\"WebSite\",\"@id\":\"https:\/\/metalscrap.pl\/#website\",\"url\":\"https:\/\/metalscrap.pl\/\",\"name\":\"Metalscrap | Ankauf von stahlschrott und buntmetallen\",\"description\":\"Skup z\\u0142omu stalowego,\\u017celiwnego i kolorowego: mied\\u017a, aluminium, mosi\\u0105dz, br\\u0105z i inne. Oferujemy atrakcyjne ceny, sprzeda\\u017c i transport z wag\\u0105\",\"potentialAction\":[{\"@type\":\"SearchAction\",\"target\":{\"@type\":\"EntryPoint\",\"urlTemplate\":\"https:\/\/metalscrap.pl\/?s={search_term_string}\"},\"query-input\":\"required name=search_term_string\"}],\"inLanguage\":\"de\"},{\"@type\":\"WebPage\",\"@id\":\"https:\/\/metalscrap.pl\/galeria\/#webpage\",\"url\":\"https:\/\/metalscrap.pl\/galeria\/\",\"name\":\"FOTOGALERIE - Metalscrap | Ankauf von stahlschrott und buntmetallen\",\"isPartOf\":{\"@id\":\"https:\/\/metalscrap.pl\/#website\"},\"datePublished\":\"2015-07-22T07:51:37+00:00\",\"dateModified\":\"2015-07-27T12:09:07+00:00\",\"description\":\"Skup z\\u0142omu stalowego,\\u017celiwnego i kolorowego: mied\\u017a, aluminium, mosi\\u0105dz, br\\u0105z i inne. Oferujemy atrakcyjne ceny, sprzeda\\u017c i transport z wag\\u0105\",\"breadcrumb\":{\"@id\":\"https:\/\/metalscrap.pl\/galeria\/#breadcrumb\"},\"inLanguage\":\"de\",\"potentialAction\":[{\"@type\":\"ReadAction\",\"target\":[\"https:\/\/metalscrap.pl\/galeria\/\"]}]},{\"@type\":\"BreadcrumbList\",\"@id\":\"https:\/\/metalscrap.pl\/galeria\/#breadcrumb\",\"itemListElement\":[{\"@type\":\"ListItem\",\"position\":1,\"name\":\"Strona g\\u0142\\u00f3wna\",\"item\":\"https:\/\/metalscrap.pl\/en\/\"},{\"@type\":\"ListItem\",\"position\":2,\"name\":\"GALERIA\"}]}]}<\/script>\n<!-- \/ Yoast SEO plugin. -->","yoast_head_json":{"description":"Skup z\u0142omu stalowego,\u017celiwnego i kolorowego: mied\u017a, aluminium, mosi\u0105dz, br\u0105z i inne. Oferujemy atrakcyjne ceny, sprzeda\u017c i transport z wag\u0105","robots":{"index":"index","follow":"follow","max-snippet":"max-snippet:-1","max-image-preview":"max-image-preview:large","max-video-preview":"max-video-preview:-1"},"canonical":"https:\/\/metalscrap.pl\/galeria\/","og_locale":"de_DE","og_type":"article","og_title":"FOTOGALERIE - Metalscrap | Ankauf von stahlschrott und buntmetallen","og_description":"Skup z\u0142omu stalowego,\u017celiwnego i kolorowego: mied\u017a, aluminium, mosi\u0105dz, br\u0105z i inne. Oferujemy atrakcyjne ceny, sprzeda\u017c i transport z wag\u0105","og_url":"https:\/\/metalscrap.pl\/galeria\/","og_site_name":"Metalscrap | Ankauf von stahlschrott und buntmetallen","article_modified_time":"2015-07-27T12:09:07+00:00","og_image":[{"url":"https:\/\/metalscrap.pl\/wp-content\/uploads\/2015\/07\/DSC_5115-150x150.jpg"}],"twitter_card":"summary","schema":{"@context":"https:\/\/schema.org","@graph":[{"@type":"WebSite","@id":"https:\/\/metalscrap.pl\/#website","url":"https:\/\/metalscrap.pl\/","name":"Metalscrap | Ankauf von stahlschrott und buntmetallen","description":"Skup z\u0142omu stalowego,\u017celiwnego i kolorowego: mied\u017a, aluminium, mosi\u0105dz, br\u0105z i inne. Oferujemy atrakcyjne ceny, sprzeda\u017c i transport z wag\u0105","potentialAction":[{"@type":"SearchAction","target":{"@type":"EntryPoint","urlTemplate":"https:\/\/metalscrap.pl\/?s={search_term_string}"},"query-input":"required name=search_term_string"}],"inLanguage":"de"},{"@type":"WebPage","@id":"https:\/\/metalscrap.pl\/galeria\/#webpage","url":"https:\/\/metalscrap.pl\/galeria\/","name":"FOTOGALERIE - Metalscrap | Ankauf von stahlschrott und buntmetallen","isPartOf":{"@id":"https:\/\/metalscrap.pl\/#website"},"datePublished":"2015-07-22T07:51:37+00:00","dateModified":"2015-07-27T12:09:07+00:00","description":"Skup z\u0142omu stalowego,\u017celiwnego i kolorowego: mied\u017a, aluminium, mosi\u0105dz, br\u0105z i inne. Oferujemy atrakcyjne ceny, sprzeda\u017c i transport z wag\u0105","breadcrumb":{"@id":"https:\/\/metalscrap.pl\/galeria\/#breadcrumb"},"inLanguage":"de","potentialAction":[{"@type":"ReadAction","target":["https:\/\/metalscrap.pl\/galeria\/"]}]},{"@type":"BreadcrumbList","@id":"https:\/\/metalscrap.pl\/galeria\/#breadcrumb","itemListElement":[{"@type":"ListItem","position":1,"name":"Strona g\u0142\u00f3wna","item":"https:\/\/metalscrap.pl\/en\/"},{"@type":"ListItem","position":2,"name":"GALERIA"}]}]}},"_links":{"self":[{"href":"https:\/\/metalscrap.pl\/de\/wp-json\/wp\/v2\/pages\/14"}],"collection":[{"href":"https:\/\/metalscrap.pl\/de\/wp-json\/wp\/v2\/pages"}],"about":[{"href":"https:\/\/metalscrap.pl\/de\/wp-json\/wp\/v2\/types\/page"}],"author":[{"embeddable":true,"href":"https:\/\/metalscrap.pl\/de\/wp-json\/wp\/v2\/users\/1"}],"replies":[{"embeddable":true,"href":"https:\/\/metalscrap.pl\/de\/wp-json\/wp\/v2\/comments?post=14"}],"version-history":[{"count":10,"href":"https:\/\/metalscrap.pl\/de\/wp-json\/wp\/v2\/pages\/14\/revisions"}],"predecessor-version":[{"id":138,"href":"https:\/\/metalscrap.pl\/de\/wp-json\/wp\/v2\/pages\/14\/revisions\/138"}],"wp:attachment":[{"href":"https:\/\/metalscrap.pl\/de\/wp-json\/wp\/v2\/media?parent=14"}],"curies":[{"name":"wp","href":"https:\/\/api.w.org\/{rel}","templated":true}]}}