{"id":114,"date":"2015-07-27T13:02:03","date_gmt":"2015-07-27T11:02:03","guid":{"rendered":"http:\/\/metalscrap.mj.dev.aberit.pl\/?page_id=114"},"modified":"2015-07-27T13:53:14","modified_gmt":"2015-07-27T11:53:14","slug":"oferta","status":"publish","type":"page","link":"https:\/\/metalscrap.pl\/de\/angebot\/","title":{"rendered":"ANGEBOT"},"content":{"rendered":"<p>Wir kaufen folgende Schrottsorten: Stahlschrott, Abf\u00e4lle von legiertem Stahl, Schrott Buntmetall, wiederverwendbare Stahl. Wir sind offen f\u00fcr weitere Sorten. Das Material muss frei von feuergef\u00e4hrlichen Stoffen, Explosivstoffen, radioaktiven Stoffen sein. Der Schrott muss von Kautschuk, Plastik, Gewebe, Holz, Chemikalien, Organische Stoffe gereinigt werden.<\/p>\n<p>Wir kaufen:<\/p>\n<ul>\n<li>Gusseise<\/li>\n<li>Schrott-Bauteile<\/li>\n<li>Karosserieboden<\/li>\n<li>Schiene, Gleismaterial und Bahnoberbauschrott.<\/li>\n<li>Metallbleche<\/li>\n<li>Stahlsp\u00e4ne und Gusseisensp\u00e4ne<\/li>\n<\/ul>\n<p>und Buntmetalle:<\/p>\n<ul>\n<li>Kupper, Bronze, Blei, Messing<\/li>\n<li>Aluminium (Offsetplatten, Sp\u00e4ne, Gusslegierungen)<\/li>\n<\/ul>\n<ul>\n<li>Zinn (rein und Legierungen)<\/li>\n<li>Stahl (legierter Stahl, Chrom-Nickelstahl, Werkzeugstahl)<\/li>\n<li>Seltenerdmetalle (Nickel, Wolfram, Molybd\u00e4n, Zirconium, Tantal)<\/li>\n<li>Elektro- und Elektronik-Altger\u00e4te<\/li>\n<\/ul>\n<h2>Verkauf<\/h2>\n<p>Wir sch\u00e4tzen volle Professionalit\u00e4t, Loyalit\u00e4t und die M\u00f6glichkeit einer langfristigen Zusammenarbeit. Deshalb einhalten wir unsere Vereinbarungen und bem\u00fchen wir uns, die Zufriedenheit unserer Kunden zu erreichen. Wir laden Sie zur Zusammenarbeit mit unserer Firma ein!<\/p>\n<p>Wir handeln mit Schrott sowohl in Polen als auch im Ausland . Falls Sie Interesse haben, nehmen Sie Kontakt zu unserer Firma um detaillierte Informationen zu erhalten.<\/p>\n<p>Wir verkaufen:<\/p>\n<ul>\n<li>Stahlschrott Batch und Schrott nicht Batch<\/li>\n<li>Stahlsp\u00e4ne und Gusseisensp\u00e4ne<\/li>\n<li>Schiene, Gleismaterial und Bahnoberbauschrott<\/li>\n<li>wiederverwendbare Stahl<\/li>\n<li>Stahlprofile, II Typ, Schnittfl\u00e4che von 20 x20mm bis 120 x 120mm<\/li>\n<\/ul>\n<h2>Speditions- und Transportdienstleistungen<\/h2>\n<p>Neben Schrotthandel bieten wir auch Speditions- und Transportdienstleistungen.<\/p>\n<p>Nach Bedarf bieten wir unser Kunden verschiedene Bef\u00f6rderungsmittel an. Wir verf\u00fcgen \u00fcber eine Flotte von Lastkraftwagen von verschiedener Anwendung und verschiedener Ladekapazit\u00e4t an (unter anderem Containertransport, Pritschenwagen und selbstladenden Fahrzeuge mit HDS. Wir transportieren Bruchglas, Getreide, Baumaterial, Metallurgieprodukten. Dynamischste Entwicklung von unseren Firma erlaubt uns viele verschiedene Bef\u00f6rderungsmittel anbieten.<\/p>\n<p>Unser oberstes Ziel ist die Kundenzufriedenheit. In unserer t\u00e4glichen Arbeit benutzen wir moderne Informations- und Kommunikationstechnologie.<\/p>","protected":false},"excerpt":{"rendered":"<p>Wir kaufen folgende Schrottsorten: Stahlschrott, Abf\u00e4lle von legiertem Stahl, Schrott Buntmetall, wiederverwendbare Stahl. Wir sind offen f\u00fcr weitere Sorten. Das Material muss frei von feuergef\u00e4hrlichen Stoffen, Explosivstoffen, radioaktiven Stoffen sein. Der Schrott muss von Kautschuk, Plastik, Gewebe, Holz, Chemikalien, Organische Stoffe gereinigt werden. Wir kaufen: Gusseise Schrott-Bauteile Karosserieboden Schiene, Gleismaterial und Bahnoberbauschrott. Metallbleche Stahlsp\u00e4ne und [&hellip;]<\/p>\n","protected":false},"author":1,"featured_media":0,"parent":0,"menu_order":0,"comment_status":"open","ping_status":"open","template":"","meta":[],"acf":[],"yoast_head":"<!-- This site is optimized with the Yoast SEO plugin v17.9 - https:\/\/yoast.com\/wordpress\/plugins\/seo\/ -->\n<meta name=\"description\" content=\"Skup z\u0142omu stalowego,\u017celiwnego i kolorowego: mied\u017a, aluminium, mosi\u0105dz, br\u0105z i inne. Oferujemy atrakcyjne ceny, sprzeda\u017c i transport z wag\u0105\" \/>\n<meta name=\"robots\" content=\"index, follow, max-snippet:-1, max-image-preview:large, max-video-preview:-1\" \/>\n<link rel=\"canonical\" href=\"https:\/\/metalscrap.pl\/oferta\/\" \/>\n<meta property=\"og:locale\" content=\"de_DE\" \/>\n<meta property=\"og:type\" content=\"article\" \/>\n<meta property=\"og:title\" content=\"ANGEBOT - Metalscrap | Ankauf von stahlschrott und buntmetallen\" \/>\n<meta property=\"og:description\" content=\"Skup z\u0142omu stalowego,\u017celiwnego i kolorowego: mied\u017a, aluminium, mosi\u0105dz, br\u0105z i inne. Oferujemy atrakcyjne ceny, sprzeda\u017c i transport z wag\u0105\" \/>\n<meta property=\"og:url\" content=\"https:\/\/metalscrap.pl\/oferta\/\" \/>\n<meta property=\"og:site_name\" content=\"Metalscrap | Ankauf von stahlschrott und buntmetallen\" \/>\n<meta property=\"article:modified_time\" content=\"2015-07-27T11:53:14+00:00\" \/>\n<meta name=\"twitter:card\" content=\"summary\" \/>\n<meta name=\"twitter:label1\" content=\"Gesch\u00e4tzte Lesezeit\" \/>\n\t<meta name=\"twitter:data1\" content=\"5\u00a0Minuten\" \/>\n<script type=\"application\/ld+json\" class=\"yoast-schema-graph\">{\"@context\":\"https:\/\/schema.org\",\"@graph\":[{\"@type\":\"WebSite\",\"@id\":\"https:\/\/metalscrap.pl\/#website\",\"url\":\"https:\/\/metalscrap.pl\/\",\"name\":\"Metalscrap | Ankauf von stahlschrott und buntmetallen\",\"description\":\"Skup z\\u0142omu stalowego,\\u017celiwnego i kolorowego: mied\\u017a, aluminium, mosi\\u0105dz, br\\u0105z i inne. Oferujemy atrakcyjne ceny, sprzeda\\u017c i transport z wag\\u0105\",\"potentialAction\":[{\"@type\":\"SearchAction\",\"target\":{\"@type\":\"EntryPoint\",\"urlTemplate\":\"https:\/\/metalscrap.pl\/?s={search_term_string}\"},\"query-input\":\"required name=search_term_string\"}],\"inLanguage\":\"de\"},{\"@type\":\"WebPage\",\"@id\":\"https:\/\/metalscrap.pl\/oferta\/#webpage\",\"url\":\"https:\/\/metalscrap.pl\/oferta\/\",\"name\":\"ANGEBOT - Metalscrap | Ankauf von stahlschrott und buntmetallen\",\"isPartOf\":{\"@id\":\"https:\/\/metalscrap.pl\/#website\"},\"datePublished\":\"2015-07-27T11:02:03+00:00\",\"dateModified\":\"2015-07-27T11:53:14+00:00\",\"description\":\"Skup z\\u0142omu stalowego,\\u017celiwnego i kolorowego: mied\\u017a, aluminium, mosi\\u0105dz, br\\u0105z i inne. Oferujemy atrakcyjne ceny, sprzeda\\u017c i transport z wag\\u0105\",\"breadcrumb\":{\"@id\":\"https:\/\/metalscrap.pl\/oferta\/#breadcrumb\"},\"inLanguage\":\"de\",\"potentialAction\":[{\"@type\":\"ReadAction\",\"target\":[\"https:\/\/metalscrap.pl\/oferta\/\"]}]},{\"@type\":\"BreadcrumbList\",\"@id\":\"https:\/\/metalscrap.pl\/oferta\/#breadcrumb\",\"itemListElement\":[{\"@type\":\"ListItem\",\"position\":1,\"name\":\"Strona g\\u0142\\u00f3wna\",\"item\":\"https:\/\/metalscrap.pl\/en\/\"},{\"@type\":\"ListItem\",\"position\":2,\"name\":\"OFERTA\"}]}]}<\/script>\n<!-- \/ Yoast SEO plugin. -->","yoast_head_json":{"description":"Skup z\u0142omu stalowego,\u017celiwnego i kolorowego: mied\u017a, aluminium, mosi\u0105dz, br\u0105z i inne. Oferujemy atrakcyjne ceny, sprzeda\u017c i transport z wag\u0105","robots":{"index":"index","follow":"follow","max-snippet":"max-snippet:-1","max-image-preview":"max-image-preview:large","max-video-preview":"max-video-preview:-1"},"canonical":"https:\/\/metalscrap.pl\/oferta\/","og_locale":"de_DE","og_type":"article","og_title":"ANGEBOT - Metalscrap | Ankauf von stahlschrott und buntmetallen","og_description":"Skup z\u0142omu stalowego,\u017celiwnego i kolorowego: mied\u017a, aluminium, mosi\u0105dz, br\u0105z i inne. Oferujemy atrakcyjne ceny, sprzeda\u017c i transport z wag\u0105","og_url":"https:\/\/metalscrap.pl\/oferta\/","og_site_name":"Metalscrap | Ankauf von stahlschrott und buntmetallen","article_modified_time":"2015-07-27T11:53:14+00:00","twitter_card":"summary","twitter_misc":{"Gesch\u00e4tzte Lesezeit":"5\u00a0Minuten"},"schema":{"@context":"https:\/\/schema.org","@graph":[{"@type":"WebSite","@id":"https:\/\/metalscrap.pl\/#website","url":"https:\/\/metalscrap.pl\/","name":"Metalscrap | Ankauf von stahlschrott und buntmetallen","description":"Skup z\u0142omu stalowego,\u017celiwnego i kolorowego: mied\u017a, aluminium, mosi\u0105dz, br\u0105z i inne. Oferujemy atrakcyjne ceny, sprzeda\u017c i transport z wag\u0105","potentialAction":[{"@type":"SearchAction","target":{"@type":"EntryPoint","urlTemplate":"https:\/\/metalscrap.pl\/?s={search_term_string}"},"query-input":"required name=search_term_string"}],"inLanguage":"de"},{"@type":"WebPage","@id":"https:\/\/metalscrap.pl\/oferta\/#webpage","url":"https:\/\/metalscrap.pl\/oferta\/","name":"ANGEBOT - Metalscrap | Ankauf von stahlschrott und buntmetallen","isPartOf":{"@id":"https:\/\/metalscrap.pl\/#website"},"datePublished":"2015-07-27T11:02:03+00:00","dateModified":"2015-07-27T11:53:14+00:00","description":"Skup z\u0142omu stalowego,\u017celiwnego i kolorowego: mied\u017a, aluminium, mosi\u0105dz, br\u0105z i inne. Oferujemy atrakcyjne ceny, sprzeda\u017c i transport z wag\u0105","breadcrumb":{"@id":"https:\/\/metalscrap.pl\/oferta\/#breadcrumb"},"inLanguage":"de","potentialAction":[{"@type":"ReadAction","target":["https:\/\/metalscrap.pl\/oferta\/"]}]},{"@type":"BreadcrumbList","@id":"https:\/\/metalscrap.pl\/oferta\/#breadcrumb","itemListElement":[{"@type":"ListItem","position":1,"name":"Strona g\u0142\u00f3wna","item":"https:\/\/metalscrap.pl\/en\/"},{"@type":"ListItem","position":2,"name":"OFERTA"}]}]}},"_links":{"self":[{"href":"https:\/\/metalscrap.pl\/de\/wp-json\/wp\/v2\/pages\/114"}],"collection":[{"href":"https:\/\/metalscrap.pl\/de\/wp-json\/wp\/v2\/pages"}],"about":[{"href":"https:\/\/metalscrap.pl\/de\/wp-json\/wp\/v2\/types\/page"}],"author":[{"embeddable":true,"href":"https:\/\/metalscrap.pl\/de\/wp-json\/wp\/v2\/users\/1"}],"replies":[{"embeddable":true,"href":"https:\/\/metalscrap.pl\/de\/wp-json\/wp\/v2\/comments?post=114"}],"version-history":[{"count":7,"href":"https:\/\/metalscrap.pl\/de\/wp-json\/wp\/v2\/pages\/114\/revisions"}],"predecessor-version":[{"id":131,"href":"https:\/\/metalscrap.pl\/de\/wp-json\/wp\/v2\/pages\/114\/revisions\/131"}],"wp:attachment":[{"href":"https:\/\/metalscrap.pl\/de\/wp-json\/wp\/v2\/media?parent=114"}],"curies":[{"name":"wp","href":"https:\/\/api.w.org\/{rel}","templated":true}]}}