{"id":10,"date":"2015-07-22T09:50:50","date_gmt":"2015-07-22T07:50:50","guid":{"rendered":"http:\/\/metalscrap.mj.dev.aberit.pl\/?page_id=10"},"modified":"2015-07-27T13:31:19","modified_gmt":"2015-07-27T11:31:19","slug":"o-firmie","status":"publish","type":"page","link":"https:\/\/metalscrap.pl\/de\/uber-uns\/","title":{"rendered":"\u00dcBER UNS"},"content":{"rendered":"<p>Wir sind ein Unternehmen im Bereich Schrottverkauf mit dem Firmensitz in Zabajka in der N\u00e4he von Rzeszow, Polen.<\/p>\n<p>Seit vielen Jahren beliefern wir Stahlwerke und Gie\u00dfereien aus der Region mit verschiedenen Schrottsorten. Au\u00dferdem arbeiten wir mit gro\u00dfen Unternehmen in ganz Polen, in der Slowakei und Tschechien.<\/p>\n<p>Wir kaufen <strong>Stahlschrotte, Gusseisen Schrott <\/strong>und<strong> Buntmettal Schrott<\/strong> (insbesondere Kupfer, Aluminium, Messing, Bronze, Zink, Zinn und <strong>legierte St\u00e4hle<\/strong>). Wir handeln mit Stahlschrott Batch und Schrott nicht Batch (unter anderem Konstruktionsteile Bleche, Sp\u00e4ne). Wir demontieren Stahlkonstruktionen fachgerecht f\u00fcr Sie. Bei allen Demontagen verwenden wir umweltgerechte Methoden. Wir konzentrieren uns auf Qualit\u00e4t und professionellen Service f\u00fcr jeden Kunden.<\/p>\n<p>Neben Schrotthandel bieten wir auch Transport und Spedition Dienstleistungen an. Wir verf\u00fcgen \u00fcber eine moderne Flotte von Lastkraftwagen (selbstladende Fahrzeuge mit HDS). Wir wiegen Ihren Schrott bis zu 60 Tonnen. Seit vielen Jahren beliefern wir Stahlwerke und Gie\u00dfereien mit verschiedenen Rohstoffen. Au\u00dferdem handeln wir mit Seltenerdmetallen und Edelmetallen, Elektronikschrott, Patronenh\u00fclsen, Artilleriegeschossen und atypische Abf\u00e4llen.<\/p>\n<p>Wir sind offen f\u00fcr eine Zusammenarbeit.\u00a0Zur Erf\u00fcllung der hohen Sicherheitsstandards\u00a0haben wir die entsprechenden Zulassungen f\u00fcr Schrott- Abholung, Transport und Verarbeitung. Wir garantieren dass Ihr Schrott professionell gewogen wird und dann nach Tagespreis ausbezahlt. Unser oberstes Gebot ist Kundenzufriedenheit. Als professioneller Schrotth\u00e4ndler legen wir viel Wert auf umweltbewusstes Handeln, naturschonende Ma\u00dfnahmen und professionellen Service. Dar\u00fcber hinaus haben wir den Vorteil, Ihnen einen Container stellen zu k\u00f6nnen. Wir bieten Sie auch g\u00fcnstige Zahlungsbedingungen an.<\/p>\n<h2>Wir sch\u00fctzen die Umwelt<\/h2>\n<p>Da die gr\u00f6\u00dfte \u00f6kologische Herausforderungen unserer Zeit sich auf der gemeinsam durchgef\u00fchrten Ma\u00dfnahmen beruhen, in unserem Unternehmen\u00a0f\u00f6rdern wir umweltfreundliche Verfahren in allen Aspekten. Wir zerlegen und sortieren den Schrott fachgerecht und stellen wir sicher, dass der Material keine Substanzen die die Gesundheit oder die Umwelt\u00a0gef\u00e4hrden k\u00f6nnen enth\u00e4lt.<\/p>","protected":false},"excerpt":{"rendered":"<p>Wir sind ein Unternehmen im Bereich Schrottverkauf mit dem Firmensitz in Zabajka in der N\u00e4he von Rzeszow, Polen. Seit vielen Jahren beliefern wir Stahlwerke und Gie\u00dfereien aus der Region mit verschiedenen Schrottsorten. Au\u00dferdem arbeiten wir mit gro\u00dfen Unternehmen in ganz Polen, in der Slowakei und Tschechien. Wir kaufen Stahlschrotte, Gusseisen Schrott und Buntmettal Schrott (insbesondere [&hellip;]<\/p>\n","protected":false},"author":1,"featured_media":0,"parent":0,"menu_order":0,"comment_status":"open","ping_status":"open","template":"","meta":[],"acf":[],"yoast_head":"<!-- This site is optimized with the Yoast SEO plugin v17.9 - https:\/\/yoast.com\/wordpress\/plugins\/seo\/ -->\n<meta name=\"description\" content=\"Skup z\u0142omu stalowego,\u017celiwnego i kolorowego: mied\u017a, aluminium, mosi\u0105dz, br\u0105z i inne. Oferujemy atrakcyjne ceny, sprzeda\u017c i transport z wag\u0105\" \/>\n<meta name=\"robots\" content=\"index, follow, max-snippet:-1, max-image-preview:large, max-video-preview:-1\" \/>\n<link rel=\"canonical\" href=\"https:\/\/metalscrap.pl\/o-firmie\/\" \/>\n<meta property=\"og:locale\" content=\"de_DE\" \/>\n<meta property=\"og:type\" content=\"article\" \/>\n<meta property=\"og:title\" content=\"\u00dcBER UNS - Metalscrap | Ankauf von stahlschrott und buntmetallen\" \/>\n<meta property=\"og:description\" content=\"Skup z\u0142omu stalowego,\u017celiwnego i kolorowego: mied\u017a, aluminium, mosi\u0105dz, br\u0105z i inne. Oferujemy atrakcyjne ceny, sprzeda\u017c i transport z wag\u0105\" \/>\n<meta property=\"og:url\" content=\"https:\/\/metalscrap.pl\/o-firmie\/\" \/>\n<meta property=\"og:site_name\" content=\"Metalscrap | Ankauf von stahlschrott und buntmetallen\" \/>\n<meta property=\"article:modified_time\" content=\"2015-07-27T11:31:19+00:00\" \/>\n<meta name=\"twitter:card\" content=\"summary\" \/>\n<meta name=\"twitter:label1\" content=\"Gesch\u00e4tzte Lesezeit\" \/>\n\t<meta name=\"twitter:data1\" content=\"6\u00a0Minuten\" \/>\n<script type=\"application\/ld+json\" class=\"yoast-schema-graph\">{\"@context\":\"https:\/\/schema.org\",\"@graph\":[{\"@type\":\"WebSite\",\"@id\":\"https:\/\/metalscrap.pl\/#website\",\"url\":\"https:\/\/metalscrap.pl\/\",\"name\":\"Metalscrap | Ankauf von stahlschrott und buntmetallen\",\"description\":\"Skup z\\u0142omu stalowego,\\u017celiwnego i kolorowego: mied\\u017a, aluminium, mosi\\u0105dz, br\\u0105z i inne. Oferujemy atrakcyjne ceny, sprzeda\\u017c i transport z wag\\u0105\",\"potentialAction\":[{\"@type\":\"SearchAction\",\"target\":{\"@type\":\"EntryPoint\",\"urlTemplate\":\"https:\/\/metalscrap.pl\/?s={search_term_string}\"},\"query-input\":\"required name=search_term_string\"}],\"inLanguage\":\"de\"},{\"@type\":\"WebPage\",\"@id\":\"https:\/\/metalscrap.pl\/o-firmie\/#webpage\",\"url\":\"https:\/\/metalscrap.pl\/o-firmie\/\",\"name\":\"\\u00dcBER UNS - Metalscrap | Ankauf von stahlschrott und buntmetallen\",\"isPartOf\":{\"@id\":\"https:\/\/metalscrap.pl\/#website\"},\"datePublished\":\"2015-07-22T07:50:50+00:00\",\"dateModified\":\"2015-07-27T11:31:19+00:00\",\"description\":\"Skup z\\u0142omu stalowego,\\u017celiwnego i kolorowego: mied\\u017a, aluminium, mosi\\u0105dz, br\\u0105z i inne. Oferujemy atrakcyjne ceny, sprzeda\\u017c i transport z wag\\u0105\",\"breadcrumb\":{\"@id\":\"https:\/\/metalscrap.pl\/o-firmie\/#breadcrumb\"},\"inLanguage\":\"de\",\"potentialAction\":[{\"@type\":\"ReadAction\",\"target\":[\"https:\/\/metalscrap.pl\/o-firmie\/\"]}]},{\"@type\":\"BreadcrumbList\",\"@id\":\"https:\/\/metalscrap.pl\/o-firmie\/#breadcrumb\",\"itemListElement\":[{\"@type\":\"ListItem\",\"position\":1,\"name\":\"Strona g\\u0142\\u00f3wna\",\"item\":\"https:\/\/metalscrap.pl\/en\/\"},{\"@type\":\"ListItem\",\"position\":2,\"name\":\"O FIRMIE\"}]}]}<\/script>\n<!-- \/ Yoast SEO plugin. -->","yoast_head_json":{"description":"Skup z\u0142omu stalowego,\u017celiwnego i kolorowego: mied\u017a, aluminium, mosi\u0105dz, br\u0105z i inne. Oferujemy atrakcyjne ceny, sprzeda\u017c i transport z wag\u0105","robots":{"index":"index","follow":"follow","max-snippet":"max-snippet:-1","max-image-preview":"max-image-preview:large","max-video-preview":"max-video-preview:-1"},"canonical":"https:\/\/metalscrap.pl\/o-firmie\/","og_locale":"de_DE","og_type":"article","og_title":"\u00dcBER UNS - Metalscrap | Ankauf von stahlschrott und buntmetallen","og_description":"Skup z\u0142omu stalowego,\u017celiwnego i kolorowego: mied\u017a, aluminium, mosi\u0105dz, br\u0105z i inne. Oferujemy atrakcyjne ceny, sprzeda\u017c i transport z wag\u0105","og_url":"https:\/\/metalscrap.pl\/o-firmie\/","og_site_name":"Metalscrap | Ankauf von stahlschrott und buntmetallen","article_modified_time":"2015-07-27T11:31:19+00:00","twitter_card":"summary","twitter_misc":{"Gesch\u00e4tzte Lesezeit":"6\u00a0Minuten"},"schema":{"@context":"https:\/\/schema.org","@graph":[{"@type":"WebSite","@id":"https:\/\/metalscrap.pl\/#website","url":"https:\/\/metalscrap.pl\/","name":"Metalscrap | Ankauf von stahlschrott und buntmetallen","description":"Skup z\u0142omu stalowego,\u017celiwnego i kolorowego: mied\u017a, aluminium, mosi\u0105dz, br\u0105z i inne. Oferujemy atrakcyjne ceny, sprzeda\u017c i transport z wag\u0105","potentialAction":[{"@type":"SearchAction","target":{"@type":"EntryPoint","urlTemplate":"https:\/\/metalscrap.pl\/?s={search_term_string}"},"query-input":"required name=search_term_string"}],"inLanguage":"de"},{"@type":"WebPage","@id":"https:\/\/metalscrap.pl\/o-firmie\/#webpage","url":"https:\/\/metalscrap.pl\/o-firmie\/","name":"\u00dcBER UNS - Metalscrap | Ankauf von stahlschrott und buntmetallen","isPartOf":{"@id":"https:\/\/metalscrap.pl\/#website"},"datePublished":"2015-07-22T07:50:50+00:00","dateModified":"2015-07-27T11:31:19+00:00","description":"Skup z\u0142omu stalowego,\u017celiwnego i kolorowego: mied\u017a, aluminium, mosi\u0105dz, br\u0105z i inne. Oferujemy atrakcyjne ceny, sprzeda\u017c i transport z wag\u0105","breadcrumb":{"@id":"https:\/\/metalscrap.pl\/o-firmie\/#breadcrumb"},"inLanguage":"de","potentialAction":[{"@type":"ReadAction","target":["https:\/\/metalscrap.pl\/o-firmie\/"]}]},{"@type":"BreadcrumbList","@id":"https:\/\/metalscrap.pl\/o-firmie\/#breadcrumb","itemListElement":[{"@type":"ListItem","position":1,"name":"Strona g\u0142\u00f3wna","item":"https:\/\/metalscrap.pl\/en\/"},{"@type":"ListItem","position":2,"name":"O FIRMIE"}]}]}},"_links":{"self":[{"href":"https:\/\/metalscrap.pl\/de\/wp-json\/wp\/v2\/pages\/10"}],"collection":[{"href":"https:\/\/metalscrap.pl\/de\/wp-json\/wp\/v2\/pages"}],"about":[{"href":"https:\/\/metalscrap.pl\/de\/wp-json\/wp\/v2\/types\/page"}],"author":[{"embeddable":true,"href":"https:\/\/metalscrap.pl\/de\/wp-json\/wp\/v2\/users\/1"}],"replies":[{"embeddable":true,"href":"https:\/\/metalscrap.pl\/de\/wp-json\/wp\/v2\/comments?post=10"}],"version-history":[{"count":10,"href":"https:\/\/metalscrap.pl\/de\/wp-json\/wp\/v2\/pages\/10\/revisions"}],"predecessor-version":[{"id":126,"href":"https:\/\/metalscrap.pl\/de\/wp-json\/wp\/v2\/pages\/10\/revisions\/126"}],"wp:attachment":[{"href":"https:\/\/metalscrap.pl\/de\/wp-json\/wp\/v2\/media?parent=10"}],"curies":[{"name":"wp","href":"https:\/\/api.w.org\/{rel}","templated":true}]}}